{"id":1458,"date":"2025-07-11T13:22:48","date_gmt":"2025-07-11T10:22:48","guid":{"rendered":"https:\/\/bollverk.ee\/milling-an-auger\/"},"modified":"2025-10-30T16:14:07","modified_gmt":"2025-10-30T14:14:07","slug":"milling-an-auger","status":"publish","type":"page","link":"https:\/\/bollverk.ee\/en\/services\/milling-an-auger\/","title":{"rendered":"Milling an auger"},"content":{"rendered":"\t\t<div data-elementor-type=\"wp-page\" data-elementor-id=\"1458\" class=\"elementor elementor-1458 elementor-467\" data-elementor-post-type=\"page\">\n\t\t\t\t<div class=\"elementor-element elementor-element-4ec0310 e-flex e-con-boxed e-con e-parent\" data-id=\"4ec0310\" data-element_type=\"container\" data-settings=\"{&quot;background_background&quot;:&quot;classic&quot;}\">\n\t\t\t\t\t<div class=\"e-con-inner\">\n\t\t\t\t<div class=\"elementor-element elementor-element-534e0de0 elementor-widget elementor-widget-mdp-crumber-elementor\" data-id=\"534e0de0\" data-element_type=\"widget\" data-widget_type=\"mdp-crumber-elementor.default\">\n\t\t\t\t<div class=\"elementor-widget-container\">\n\t\t\t\t\t        <!-- Start Crumber for Elementor WordPress Plugin -->\n\t\t            <div class=\"mdp-crumber-elementor-box\">\n                <div class=\"mdp-crumber-elementor-breadcrumbs\">\n\t\t\t\t\t        <div class=\"mdp-crumber-elementor-breadcrumbs-item  mdp-crumber-elementor-breadcrumbs-icon-position-\">\n\t\t\t\t\t\t\t\t\t\t\t\t                    <a href=\"\/en\/\">Home<\/a>\n\t\t\t\t\t\t\t        <\/div>\n\t\t            <span class=\"mdp-crumber-elementor-separator mdp-crumber-elementor-separator-hide-last\">\n            <svg aria-hidden=\"true\" class=\"e-font-icon-svg e-fas-square-full\" viewBox=\"0 0 512 512\" xmlns=\"http:\/\/www.w3.org\/2000\/svg\"><path d=\"M512 512H0V0h512v512z\"><\/path><\/svg>        <\/span>\n\t\t\t\t        <div class=\"mdp-crumber-elementor-breadcrumbs-item  mdp-crumber-elementor-breadcrumbs-icon-position-\">\n\t\t\t\t\t\t\t\t\t\t\t\t                    <a href=\"\/en\/services\">Services<\/a>\n\t\t\t\t\t\t\t        <\/div>\n\t\t            <span class=\"mdp-crumber-elementor-separator mdp-crumber-elementor-separator-hide-last\">\n            <svg aria-hidden=\"true\" class=\"e-font-icon-svg e-fas-square-full\" viewBox=\"0 0 512 512\" xmlns=\"http:\/\/www.w3.org\/2000\/svg\"><path d=\"M512 512H0V0h512v512z\"><\/path><\/svg>        <\/span>\n\t\t\t\t        <div class=\"mdp-crumber-elementor-breadcrumbs-item mdp-crumber-elementor-breadcrumbs-item-active mdp-crumber-elementor-breadcrumbs-icon-position-\">\n\t\t\t\t\t\t\t\t\t\t\t\t                    <span>Milling an auger<\/span>\n\t\t\t\t\t\t\t        <\/div>\n\t\t            <span class=\"mdp-crumber-elementor-separator mdp-crumber-elementor-separator-hide-last\">\n            <svg aria-hidden=\"true\" class=\"e-font-icon-svg e-fas-square-full\" viewBox=\"0 0 512 512\" xmlns=\"http:\/\/www.w3.org\/2000\/svg\"><path d=\"M512 512H0V0h512v512z\"><\/path><\/svg>        <\/span>\n\t\t\t\t                <\/div>\n            <\/div>\n\t\t        <!-- End Crumber for Elementor WordPress Plugin -->\n\t\t\t\t\t\t<\/div>\n\t\t\t\t<\/div>\n\t\t\t\t<div class=\"elementor-element elementor-element-70b5364c elementor-widget elementor-widget-heading\" data-id=\"70b5364c\" data-element_type=\"widget\" data-widget_type=\"heading.default\">\n\t\t\t\t\t<h1 class=\"elementor-heading-title elementor-size-default\">Milling an auger<\/h1>\t\t\t\t<\/div>\n\t\t\t\t\t<\/div>\n\t\t\t\t<\/div>\n\t\t<div class=\"elementor-element elementor-element-682b3649 e-flex e-con-boxed e-con e-parent\" data-id=\"682b3649\" data-element_type=\"container\">\n\t\t\t\t\t<div class=\"e-con-inner\">\n\t\t<div class=\"elementor-element elementor-element-4c2ae12e e-con-full e-flex e-con e-child\" data-id=\"4c2ae12e\" data-element_type=\"container\">\n\t\t\t\t<div class=\"elementor-element elementor-element-3e8f5d7c e-transform elementor-widget elementor-widget-image\" data-id=\"3e8f5d7c\" data-element_type=\"widget\" data-settings=\"{&quot;_transform_flipX_effect&quot;:&quot;transform&quot;}\" data-widget_type=\"image.default\">\n\t\t\t\t\t\t\t\t\t\t\t\t\t\t\t<img fetchpriority=\"high\" decoding=\"async\" width=\"800\" height=\"534\" src=\"https:\/\/bollverk.ee\/wp-content\/uploads\/2025\/07\/3ceef6baa437622b376282feca0e8426212e0118-1024x683.jpg\" class=\"attachment-large size-large wp-image-1384\" alt=\"\" srcset=\"https:\/\/bollverk.ee\/wp-content\/uploads\/2025\/07\/3ceef6baa437622b376282feca0e8426212e0118-1024x683.jpg 1024w, https:\/\/bollverk.ee\/wp-content\/uploads\/2025\/07\/3ceef6baa437622b376282feca0e8426212e0118-300x200.jpg 300w, https:\/\/bollverk.ee\/wp-content\/uploads\/2025\/07\/3ceef6baa437622b376282feca0e8426212e0118-768x512.jpg 768w, https:\/\/bollverk.ee\/wp-content\/uploads\/2025\/07\/3ceef6baa437622b376282feca0e8426212e0118-1536x1024.jpg 1536w, https:\/\/bollverk.ee\/wp-content\/uploads\/2025\/07\/3ceef6baa437622b376282feca0e8426212e0118-2048x1366.jpg 2048w, https:\/\/bollverk.ee\/wp-content\/uploads\/2025\/07\/3ceef6baa437622b376282feca0e8426212e0118-600x400.jpg 600w\" sizes=\"(max-width: 800px) 100vw, 800px\" \/>\t\t\t\t\t\t\t\t\t\t\t\t\t\t\t<\/div>\n\t\t\t\t<div class=\"elementor-element elementor-element-1ab444c3 elementor-widget elementor-widget-text-editor\" data-id=\"1ab444c3\" data-element_type=\"widget\" data-widget_type=\"text-editor.default\">\n\t\t\t\t\t\t\t\t\t<div class=\"elementor-element elementor-element-f6b56c1 elementor-align-left elementor-widget__width-auto elementor-icon-list--layout-traditional elementor-list-item-link-full_width elementor-widget elementor-widget-icon-list\" data-id=\"f6b56c1\" data-element_type=\"widget\" data-widget_type=\"icon-list.default\"><ul class=\"elementor-icon-list-items\"><li class=\"elementor-icon-list-item\"><span class=\"elementor-icon-list-text\">A special method of making teeth from worm shafts and worm wheels.<\/span><\/li><li class=\"elementor-icon-list-item\"><span class=\"elementor-icon-list-text\">Allows you to achieve a very precise tooth profile and the correct shape of the work surface.<\/span><\/li><li class=\"elementor-icon-list-item\"><span class=\"elementor-icon-list-text\">Suitable for both small and large diameter parts.<\/span><\/li><\/ul><\/div><div class=\"elementor-element elementor-element-1fd9cc24 elementor-align-left elementor-widget__width-auto elementor-icon-list--layout-traditional elementor-list-item-link-full_width elementor-widget elementor-widget-icon-list\" data-id=\"1fd9cc24\" data-element_type=\"widget\" data-widget_type=\"icon-list.default\"><ul class=\"elementor-icon-list-items\"><li class=\"elementor-icon-list-item\"><span class=\"elementor-icon-list-text\">Allows you to process different metal materials (steel, bronze, brass, etc.).<\/span><\/li><li class=\"elementor-icon-list-item\"><span class=\"elementor-icon-list-text\">Widely used in the manufacture of reducers, transmissions and machinery.<\/span><\/li><\/ul><\/div>\t\t\t\t\t\t\t\t<\/div>\n\t\t\t\t<\/div>\n\t\t<div class=\"elementor-element elementor-element-2a7a5c7 e-con-full e-grid e-con e-child\" data-id=\"2a7a5c7\" data-element_type=\"container\">\n\t\t<div class=\"elementor-element elementor-element-58e5eed e-con-full e-flex e-con e-child\" data-id=\"58e5eed\" data-element_type=\"container\" data-settings=\"{&quot;background_background&quot;:&quot;classic&quot;}\">\n\t\t\t\t<div class=\"elementor-element elementor-element-5e71d40 elementor-widget elementor-widget-heading\" data-id=\"5e71d40\" data-element_type=\"widget\" data-widget_type=\"heading.default\">\n\t\t\t\t\t<h3 class=\"elementor-heading-title elementor-size-default\">Request service<\/h3>\t\t\t\t<\/div>\n\t\t\t\t<div class=\"elementor-element elementor-element-45baf39 elementor-widget elementor-widget-text-editor\" data-id=\"45baf39\" data-element_type=\"widget\" data-widget_type=\"text-editor.default\">\n\t\t\t\t\t\t\t\t\t<p>If you want to know more about this service, ask us about it.<\/p>\t\t\t\t\t\t\t\t<\/div>\n\t\t\t\t<div class=\"elementor-element elementor-element-f85863c elementor-animation-grow elementor-widget__width-inherit elementor-widget-mobile__width-inherit elementor-invisible elementor-widget elementor-widget-mdp-buttoner-elementor\" data-id=\"f85863c\" data-element_type=\"widget\" data-settings=\"{&quot;_animation&quot;:&quot;fadeInUp&quot;}\" data-widget_type=\"mdp-buttoner-elementor.default\">\n\t\t\t\t<div class=\"elementor-widget-container\">\n\t\t\t\t\t        <style>\n            .mdp-buttoner-container-f85863c .mdp-buttoner-link { cursor: pointer; }         <\/style>\n                <!-- Start Buttoner for Elementor WordPress Plugin -->\n        <div class=\"mdp-buttoner-container mdp-buttoner-container-f85863c\">\n            <a id=\"\"\n               href=\"https:\/\/bollverk.ee\/kontakt\/\"\n               class=\"mdp-buttoner-link elementor-animation-grow\"\n\t\t\t\t\t\t\t\t            >\n\n\t\t        <span >\n\n\t\t\t        \n                    <span class=\"mdp-buttoner-text\">Kontakt<\/span>\n\n                    \n\t\t        <\/span>\n\n            <\/a>\n        <\/div>\n        <!-- End Buttoner for Elementor WordPress Plugin -->\n\t\t\t\t\t\t<\/div>\n\t\t\t\t<\/div>\n\t\t\t\t<\/div>\n\t\t<div class=\"elementor-element elementor-element-9023e85 e-con-full e-flex e-con e-child\" data-id=\"9023e85\" data-element_type=\"container\" data-settings=\"{&quot;background_background&quot;:&quot;classic&quot;}\">\n\t\t<div class=\"elementor-element elementor-element-30578cb e-con-full e-flex e-con e-child\" data-id=\"30578cb\" data-element_type=\"container\" data-settings=\"{&quot;background_background&quot;:&quot;classic&quot;}\">\n\t\t\t\t<div class=\"elementor-element elementor-element-473f27c elementor-widget elementor-widget-heading\" data-id=\"473f27c\" data-element_type=\"widget\" data-widget_type=\"heading.default\">\n\t\t\t\t\t<h3 class=\"elementor-heading-title elementor-size-default\">CONTACT<\/h3>\t\t\t\t<\/div>\n\t\t\t\t<div class=\"elementor-element elementor-element-1c2da2d elementor-widget elementor-widget-text-editor\" data-id=\"1c2da2d\" data-element_type=\"widget\" data-widget_type=\"text-editor.default\">\n\t\t\t\t\t\t\t\t\t<p><a href=\"tel:5056377\">505 6377<\/a><\/p>\t\t\t\t\t\t\t\t<\/div>\n\t\t\t\t<div class=\"elementor-element elementor-element-7a77984 elementor-widget elementor-widget-text-editor\" data-id=\"7a77984\" data-element_type=\"widget\" data-widget_type=\"text-editor.default\">\n\t\t\t\t\t\t\t\t\t<p><a href=\"mailto:margus.bollverk@mail.ee\">margus.bollverk@mail.ee<\/a><\/p>\t\t\t\t\t\t\t\t<\/div>\n\t\t\t\t<\/div>\n\t\t\t\t<\/div>\n\t\t<div class=\"elementor-element elementor-element-a619518 e-con-full e-flex e-con e-child\" data-id=\"a619518\" data-element_type=\"container\" data-settings=\"{&quot;background_background&quot;:&quot;classic&quot;}\">\n\t\t<div class=\"elementor-element elementor-element-c0ec523 e-con-full e-flex e-con e-child\" data-id=\"c0ec523\" data-element_type=\"container\" data-settings=\"{&quot;background_background&quot;:&quot;classic&quot;}\">\n\t\t\t\t<div class=\"elementor-element elementor-element-b9922bb elementor-widget elementor-widget-heading\" data-id=\"b9922bb\" data-element_type=\"widget\" data-widget_type=\"heading.default\">\n\t\t\t\t\t<h3 class=\"elementor-heading-title elementor-size-default\">Address<\/h3>\t\t\t\t<\/div>\n\t\t\t\t<div class=\"elementor-element elementor-element-cc56ab6 elementor-widget elementor-widget-text-editor\" data-id=\"cc56ab6\" data-element_type=\"widget\" data-widget_type=\"text-editor.default\">\n\t\t\t\t\t\t\t\t\t<p>T\u00f6\u00f6koja, Kodasema, 73207 J\u00e4rva county<\/p>\t\t\t\t\t\t\t\t<\/div>\n\t\t\t\t<\/div>\n\t\t\t\t<\/div>\n\t\t\t\t<\/div>\n\t\t\t\t\t<\/div>\n\t\t\t\t<\/div>\n\t\t<div class=\"elementor-element elementor-element-03a3b6e e-flex e-con-boxed e-con e-parent\" data-id=\"03a3b6e\" data-element_type=\"container\">\n\t\t\t\t\t<div class=\"e-con-inner\">\n\t\t<div class=\"elementor-element elementor-element-8f519ab e-con-full e-flex e-con e-child\" data-id=\"8f519ab\" data-element_type=\"container\">\n\t\t\t\t<div class=\"elementor-element elementor-element-47cc439 elementor-widget elementor-widget-heading\" data-id=\"47cc439\" data-element_type=\"widget\" data-widget_type=\"heading.default\">\n\t\t\t\t\t<h2 class=\"elementor-heading-title elementor-size-default\">Contact form<\/h2>\t\t\t\t<\/div>\n\t\t\t\t<div class=\"elementor-element elementor-element-3f8613e elementor-widget__width-auto elementor-absolute elementor-invisible elementor-widget elementor-widget-heading\" data-id=\"3f8613e\" data-element_type=\"widget\" data-settings=\"{&quot;_position&quot;:&quot;absolute&quot;,&quot;_animation&quot;:&quot;fadeInDown&quot;}\" data-widget_type=\"heading.default\">\n\t\t\t\t\t<h2 class=\"elementor-heading-title elementor-size-default\">Contact us<\/h2>\t\t\t\t<\/div>\n\t\t\t\t<div class=\"elementor-element elementor-element-c4c5111 elementor-button-align-start elementor-mobile-button-align-stretch elementor-widget elementor-widget-form\" data-id=\"c4c5111\" data-element_type=\"widget\" data-settings=\"{&quot;step_next_label&quot;:&quot;Next&quot;,&quot;step_previous_label&quot;:&quot;Previous&quot;,&quot;button_width&quot;:&quot;40&quot;,&quot;step_type&quot;:&quot;number_text&quot;,&quot;step_icon_shape&quot;:&quot;circle&quot;}\" data-widget_type=\"form.default\">\n\t\t\t\t\t\t\t<form class=\"elementor-form\" method=\"post\" name=\"New Form\" aria-label=\"New Form\">\n\t\t\t<input type=\"hidden\" name=\"post_id\" value=\"1458\"\/>\n\t\t\t<input type=\"hidden\" name=\"form_id\" value=\"c4c5111\"\/>\n\t\t\t<input type=\"hidden\" name=\"referer_title\" value=\"Bollverk\" \/>\n\n\t\t\t\n\t\t\t<div class=\"elementor-form-fields-wrapper elementor-labels-above\">\n\t\t\t\t\t\t\t\t<div class=\"elementor-field-type-text elementor-field-group elementor-column elementor-field-group-name elementor-col-50 elementor-field-required\">\n\t\t\t\t\t\t\t\t\t\t\t\t<label for=\"form-field-name\" class=\"elementor-field-label\">\n\t\t\t\t\t\t\t\tName\t\t\t\t\t\t\t<\/label>\n\t\t\t\t\t\t\t\t\t\t\t\t\t\t<input size=\"1\" type=\"text\" name=\"form_fields[name]\" id=\"form-field-name\" class=\"elementor-field elementor-size-sm  elementor-field-textual\" placeholder=\"Enter your name\" required=\"required\">\n\t\t\t\t\t\t\t\t\t\t\t<\/div>\n\t\t\t\t\t\t\t\t<div class=\"elementor-field-type-tel elementor-field-group elementor-column elementor-field-group-tel elementor-col-50 elementor-field-required\">\n\t\t\t\t\t\t\t\t\t\t\t\t<label for=\"form-field-tel\" class=\"elementor-field-label\">\n\t\t\t\t\t\t\t\tTelephone\t\t\t\t\t\t\t<\/label>\n\t\t\t\t\t\t\t\t<input size=\"1\" type=\"tel\" name=\"form_fields[tel]\" id=\"form-field-tel\" class=\"elementor-field elementor-size-sm  elementor-field-textual\" placeholder=\"Enter your phone\" required=\"required\" pattern=\"[0-9()#&amp;+*-=.]+\" title=\"Only numbers and phone characters (#, -, *, etc) are accepted.\">\n\n\t\t\t\t\t\t<\/div>\n\t\t\t\t\t\t\t\t<div class=\"elementor-field-type-email elementor-field-group elementor-column elementor-field-group-field_7784ec5 elementor-col-100 elementor-field-required\">\n\t\t\t\t\t\t\t\t\t\t\t\t<label for=\"form-field-field_7784ec5\" class=\"elementor-field-label\">\n\t\t\t\t\t\t\t\tE-mail\t\t\t\t\t\t\t<\/label>\n\t\t\t\t\t\t\t\t\t\t\t\t\t\t<input size=\"1\" type=\"email\" name=\"form_fields[field_7784ec5]\" id=\"form-field-field_7784ec5\" class=\"elementor-field elementor-size-sm  elementor-field-textual\" placeholder=\"Enter your email\" required=\"required\">\n\t\t\t\t\t\t\t\t\t\t\t<\/div>\n\t\t\t\t\t\t\t\t<div class=\"elementor-field-type-textarea elementor-field-group elementor-column elementor-field-group-message elementor-col-100\">\n\t\t\t\t\t\t\t\t\t\t\t\t<label for=\"form-field-message\" class=\"elementor-field-label\">\n\t\t\t\t\t\t\t\tMessage\t\t\t\t\t\t\t<\/label>\n\t\t\t\t\t\t<textarea class=\"elementor-field-textual elementor-field  elementor-size-sm\" name=\"form_fields[message]\" id=\"form-field-message\" rows=\"2\" placeholder=\"Enter your message\"><\/textarea>\t\t\t\t<\/div>\n\t\t\t\t\t\t\t\t<div class=\"elementor-field-type-hidden elementor-field-group elementor-column elementor-field-group-field_ba131f9 elementor-col-100\">\n\t\t\t\t\t\t\t\t\t\t\t\t\t<input size=\"1\" type=\"hidden\" name=\"form_fields[field_ba131f9]\" id=\"form-field-field_ba131f9\" class=\"elementor-field elementor-size-sm  elementor-field-textual\" value=\"Milling an auger\">\n\t\t\t\t\t\t\t\t\t\t\t<\/div>\n\t\t\t\t\t\t\t\t<div class=\"elementor-field-group elementor-column elementor-field-type-submit elementor-col-40 e-form__buttons\">\n\t\t\t\t\t<button class=\"elementor-button elementor-size-sm\" type=\"submit\">\n\t\t\t\t\t\t<span class=\"elementor-button-content-wrapper\">\n\t\t\t\t\t\t\t\t\t\t\t\t\t\t\t\t\t\t\t\t\t\t<span class=\"elementor-button-text\">Send<\/span>\n\t\t\t\t\t\t\t\t\t\t\t\t\t<\/span>\n\t\t\t\t\t<\/button>\n\t\t\t\t<\/div>\n\t\t\t<\/div>\n\t\t<\/form>\n\t\t\t\t\t\t<\/div>\n\t\t\t\t<\/div>\n\t\t\t\t\t<\/div>\n\t\t\t\t<\/div>\n\t\t\t\t<\/div>\n\t\t","protected":false},"excerpt":{"rendered":"<p>Home Services Milling an auger A special method of making teeth from worm shafts and worm wheels. Allows you to achieve a very precise tooth profile and the correct shape of the work surface. Suitable for both small and large diameter parts. Allows you to process different metal materials (steel, bronze, brass, etc.). Widely used [&hellip;]<\/p>\n","protected":false},"author":1,"featured_media":0,"parent":1567,"menu_order":0,"comment_status":"closed","ping_status":"closed","template":"elementor_header_footer","meta":{"footnotes":""},"class_list":["post-1458","page","type-page","status-publish","hentry"],"yoast_head":"<!-- This site is optimized with the Yoast SEO plugin v26.3 - https:\/\/yoast.com\/wordpress\/plugins\/seo\/ -->\n<title>Bollverk Auger Milling \u2013 Precision Worm Shafts Worm Gears<\/title>\n<meta name=\"description\" content=\"A special method of making worm shafts and worm wheels. Bollverk auger milling ensures a precise tooth profile and is suitable for different metal materials.\" \/>\n<meta name=\"robots\" content=\"index, follow, max-snippet:-1, max-image-preview:large, max-video-preview:-1\" \/>\n<link rel=\"canonical\" href=\"https:\/\/bollverk.ee\/en\/services\/milling-an-auger\/\" \/>\n<meta property=\"og:locale\" content=\"en_US\" \/>\n<meta property=\"og:type\" content=\"article\" \/>\n<meta property=\"og:title\" content=\"Bollverk Auger Milling \u2013 Precision Worm Shafts Worm Gears\" \/>\n<meta property=\"og:description\" content=\"A special method of making worm shafts and worm wheels. Bollverk auger milling ensures a precise tooth profile and is suitable for different metal materials.\" \/>\n<meta property=\"og:url\" content=\"https:\/\/bollverk.ee\/en\/services\/milling-an-auger\/\" \/>\n<meta property=\"og:site_name\" content=\"Bollverk\" \/>\n<meta property=\"article:modified_time\" content=\"2025-10-30T14:14:07+00:00\" \/>\n<meta property=\"og:image\" content=\"https:\/\/bollverk.ee\/wp-content\/uploads\/2025\/07\/3ceef6baa437622b376282feca0e8426212e0118-1024x683.jpg\" \/>\n<meta name=\"twitter:card\" content=\"summary_large_image\" \/>\n<meta name=\"twitter:label1\" content=\"Est. reading time\" \/>\n\t<meta name=\"twitter:data1\" content=\"1 minute\" \/>\n<script type=\"application\/ld+json\" class=\"yoast-schema-graph\">{\"@context\":\"https:\/\/schema.org\",\"@graph\":[{\"@type\":\"WebPage\",\"@id\":\"https:\/\/bollverk.ee\/en\/services\/milling-an-auger\/\",\"url\":\"https:\/\/bollverk.ee\/en\/services\/milling-an-auger\/\",\"name\":\"Bollverk Auger Milling \u2013 Precision Worm Shafts Worm Gears\",\"isPartOf\":{\"@id\":\"https:\/\/bollverk.ee\/en\/#website\"},\"primaryImageOfPage\":{\"@id\":\"https:\/\/bollverk.ee\/en\/services\/milling-an-auger\/#primaryimage\"},\"image\":{\"@id\":\"https:\/\/bollverk.ee\/en\/services\/milling-an-auger\/#primaryimage\"},\"thumbnailUrl\":\"https:\/\/bollverk.ee\/wp-content\/uploads\/2025\/07\/3ceef6baa437622b376282feca0e8426212e0118-1024x683.jpg\",\"datePublished\":\"2025-07-11T10:22:48+00:00\",\"dateModified\":\"2025-10-30T14:14:07+00:00\",\"description\":\"A special method of making worm shafts and worm wheels. Bollverk auger milling ensures a precise tooth profile and is suitable for different metal materials.\",\"breadcrumb\":{\"@id\":\"https:\/\/bollverk.ee\/en\/services\/milling-an-auger\/#breadcrumb\"},\"inLanguage\":\"en-US\",\"potentialAction\":[{\"@type\":\"ReadAction\",\"target\":[\"https:\/\/bollverk.ee\/en\/services\/milling-an-auger\/\"]}]},{\"@type\":\"ImageObject\",\"inLanguage\":\"en-US\",\"@id\":\"https:\/\/bollverk.ee\/en\/services\/milling-an-auger\/#primaryimage\",\"url\":\"https:\/\/bollverk.ee\/wp-content\/uploads\/2025\/07\/3ceef6baa437622b376282feca0e8426212e0118-1024x683.jpg\",\"contentUrl\":\"https:\/\/bollverk.ee\/wp-content\/uploads\/2025\/07\/3ceef6baa437622b376282feca0e8426212e0118-1024x683.jpg\"},{\"@type\":\"BreadcrumbList\",\"@id\":\"https:\/\/bollverk.ee\/en\/services\/milling-an-auger\/#breadcrumb\",\"itemListElement\":[{\"@type\":\"ListItem\",\"position\":1,\"name\":\"Home\",\"item\":\"https:\/\/bollverk.ee\/en\/\"},{\"@type\":\"ListItem\",\"position\":2,\"name\":\"Services\",\"item\":\"https:\/\/bollverk.ee\/en\/services\/\"},{\"@type\":\"ListItem\",\"position\":3,\"name\":\"Milling an auger\"}]},{\"@type\":\"WebSite\",\"@id\":\"https:\/\/bollverk.ee\/en\/#website\",\"url\":\"https:\/\/bollverk.ee\/en\/\",\"name\":\"Bollverk\",\"description\":\"Ralliauto k\u00e4igukasti sisud ja \u00fclekanded\",\"publisher\":{\"@id\":\"https:\/\/bollverk.ee\/en\/#organization\"},\"potentialAction\":[{\"@type\":\"SearchAction\",\"target\":{\"@type\":\"EntryPoint\",\"urlTemplate\":\"https:\/\/bollverk.ee\/en\/?s={search_term_string}\"},\"query-input\":{\"@type\":\"PropertyValueSpecification\",\"valueRequired\":true,\"valueName\":\"search_term_string\"}}],\"inLanguage\":\"en-US\"},{\"@type\":\"Organization\",\"@id\":\"https:\/\/bollverk.ee\/en\/#organization\",\"name\":\"Bollverk\",\"url\":\"https:\/\/bollverk.ee\/en\/\",\"logo\":{\"@type\":\"ImageObject\",\"inLanguage\":\"en-US\",\"@id\":\"https:\/\/bollverk.ee\/en\/#\/schema\/logo\/image\/\",\"url\":\"https:\/\/bollverk.ee\/wp-content\/uploads\/2025\/10\/Uus-Projekt-35.png\",\"contentUrl\":\"https:\/\/bollverk.ee\/wp-content\/uploads\/2025\/10\/Uus-Projekt-35.png\",\"width\":400,\"height\":400,\"caption\":\"Bollverk\"},\"image\":{\"@id\":\"https:\/\/bollverk.ee\/en\/#\/schema\/logo\/image\/\"}}]}<\/script>\n<!-- \/ Yoast SEO plugin. -->","yoast_head_json":{"title":"Bollverk Auger Milling \u2013 Precision Worm Shafts Worm Gears","description":"A special method of making worm shafts and worm wheels. Bollverk auger milling ensures a precise tooth profile and is suitable for different metal materials.","robots":{"index":"index","follow":"follow","max-snippet":"max-snippet:-1","max-image-preview":"max-image-preview:large","max-video-preview":"max-video-preview:-1"},"canonical":"https:\/\/bollverk.ee\/en\/services\/milling-an-auger\/","og_locale":"en_US","og_type":"article","og_title":"Bollverk Auger Milling \u2013 Precision Worm Shafts Worm Gears","og_description":"A special method of making worm shafts and worm wheels. Bollverk auger milling ensures a precise tooth profile and is suitable for different metal materials.","og_url":"https:\/\/bollverk.ee\/en\/services\/milling-an-auger\/","og_site_name":"Bollverk","article_modified_time":"2025-10-30T14:14:07+00:00","og_image":[{"url":"https:\/\/bollverk.ee\/wp-content\/uploads\/2025\/07\/3ceef6baa437622b376282feca0e8426212e0118-1024x683.jpg","type":"","width":"","height":""}],"twitter_card":"summary_large_image","twitter_misc":{"Est. reading time":"1 minute"},"schema":{"@context":"https:\/\/schema.org","@graph":[{"@type":"WebPage","@id":"https:\/\/bollverk.ee\/en\/services\/milling-an-auger\/","url":"https:\/\/bollverk.ee\/en\/services\/milling-an-auger\/","name":"Bollverk Auger Milling \u2013 Precision Worm Shafts Worm Gears","isPartOf":{"@id":"https:\/\/bollverk.ee\/en\/#website"},"primaryImageOfPage":{"@id":"https:\/\/bollverk.ee\/en\/services\/milling-an-auger\/#primaryimage"},"image":{"@id":"https:\/\/bollverk.ee\/en\/services\/milling-an-auger\/#primaryimage"},"thumbnailUrl":"https:\/\/bollverk.ee\/wp-content\/uploads\/2025\/07\/3ceef6baa437622b376282feca0e8426212e0118-1024x683.jpg","datePublished":"2025-07-11T10:22:48+00:00","dateModified":"2025-10-30T14:14:07+00:00","description":"A special method of making worm shafts and worm wheels. Bollverk auger milling ensures a precise tooth profile and is suitable for different metal materials.","breadcrumb":{"@id":"https:\/\/bollverk.ee\/en\/services\/milling-an-auger\/#breadcrumb"},"inLanguage":"en-US","potentialAction":[{"@type":"ReadAction","target":["https:\/\/bollverk.ee\/en\/services\/milling-an-auger\/"]}]},{"@type":"ImageObject","inLanguage":"en-US","@id":"https:\/\/bollverk.ee\/en\/services\/milling-an-auger\/#primaryimage","url":"https:\/\/bollverk.ee\/wp-content\/uploads\/2025\/07\/3ceef6baa437622b376282feca0e8426212e0118-1024x683.jpg","contentUrl":"https:\/\/bollverk.ee\/wp-content\/uploads\/2025\/07\/3ceef6baa437622b376282feca0e8426212e0118-1024x683.jpg"},{"@type":"BreadcrumbList","@id":"https:\/\/bollverk.ee\/en\/services\/milling-an-auger\/#breadcrumb","itemListElement":[{"@type":"ListItem","position":1,"name":"Home","item":"https:\/\/bollverk.ee\/en\/"},{"@type":"ListItem","position":2,"name":"Services","item":"https:\/\/bollverk.ee\/en\/services\/"},{"@type":"ListItem","position":3,"name":"Milling an auger"}]},{"@type":"WebSite","@id":"https:\/\/bollverk.ee\/en\/#website","url":"https:\/\/bollverk.ee\/en\/","name":"Bollverk","description":"Ralliauto k\u00e4igukasti sisud ja \u00fclekanded","publisher":{"@id":"https:\/\/bollverk.ee\/en\/#organization"},"potentialAction":[{"@type":"SearchAction","target":{"@type":"EntryPoint","urlTemplate":"https:\/\/bollverk.ee\/en\/?s={search_term_string}"},"query-input":{"@type":"PropertyValueSpecification","valueRequired":true,"valueName":"search_term_string"}}],"inLanguage":"en-US"},{"@type":"Organization","@id":"https:\/\/bollverk.ee\/en\/#organization","name":"Bollverk","url":"https:\/\/bollverk.ee\/en\/","logo":{"@type":"ImageObject","inLanguage":"en-US","@id":"https:\/\/bollverk.ee\/en\/#\/schema\/logo\/image\/","url":"https:\/\/bollverk.ee\/wp-content\/uploads\/2025\/10\/Uus-Projekt-35.png","contentUrl":"https:\/\/bollverk.ee\/wp-content\/uploads\/2025\/10\/Uus-Projekt-35.png","width":400,"height":400,"caption":"Bollverk"},"image":{"@id":"https:\/\/bollverk.ee\/en\/#\/schema\/logo\/image\/"}}]}},"_links":{"self":[{"href":"https:\/\/bollverk.ee\/en\/wp-json\/wp\/v2\/pages\/1458","targetHints":{"allow":["GET"]}}],"collection":[{"href":"https:\/\/bollverk.ee\/en\/wp-json\/wp\/v2\/pages"}],"about":[{"href":"https:\/\/bollverk.ee\/en\/wp-json\/wp\/v2\/types\/page"}],"author":[{"embeddable":true,"href":"https:\/\/bollverk.ee\/en\/wp-json\/wp\/v2\/users\/1"}],"replies":[{"embeddable":true,"href":"https:\/\/bollverk.ee\/en\/wp-json\/wp\/v2\/comments?post=1458"}],"version-history":[{"count":5,"href":"https:\/\/bollverk.ee\/en\/wp-json\/wp\/v2\/pages\/1458\/revisions"}],"predecessor-version":[{"id":1742,"href":"https:\/\/bollverk.ee\/en\/wp-json\/wp\/v2\/pages\/1458\/revisions\/1742"}],"up":[{"embeddable":true,"href":"https:\/\/bollverk.ee\/en\/wp-json\/wp\/v2\/pages\/1567"}],"wp:attachment":[{"href":"https:\/\/bollverk.ee\/en\/wp-json\/wp\/v2\/media?parent=1458"}],"curies":[{"name":"wp","href":"https:\/\/api.w.org\/{rel}","templated":true}]}}