{"id":1553,"date":"2025-07-11T13:20:28","date_gmt":"2025-07-11T10:20:28","guid":{"rendered":"https:\/\/bollverk.ee\/milling\/"},"modified":"2025-11-13T11:57:51","modified_gmt":"2025-11-13T09:57:51","slug":"milling","status":"publish","type":"page","link":"https:\/\/bollverk.ee\/en\/services\/milling\/","title":{"rendered":"Milling"},"content":{"rendered":"\t\t<div data-elementor-type=\"wp-page\" data-elementor-id=\"1553\" class=\"elementor elementor-1553 elementor-464\" data-elementor-post-type=\"page\">\n\t\t\t\t<div class=\"elementor-element elementor-element-4ec0310 e-flex e-con-boxed e-con e-parent\" data-id=\"4ec0310\" data-element_type=\"container\" data-settings=\"{&quot;background_background&quot;:&quot;classic&quot;}\">\n\t\t\t\t\t<div class=\"e-con-inner\">\n\t\t\t\t<div class=\"elementor-element elementor-element-d9e4632 elementor-widget elementor-widget-breadcrumbs\" data-id=\"d9e4632\" data-element_type=\"widget\" data-widget_type=\"breadcrumbs.default\">\n\t\t\t\t\t<p id=\"breadcrumbs\"><span><span><a href=\"https:\/\/bollverk.ee\/en\/\">Home<\/a><\/span><\/span><\/p>\t\t\t\t<\/div>\n\t\t\t\t\t<\/div>\n\t\t\t\t<\/div>\n\t\t<div class=\"elementor-element elementor-element-682b3649 e-flex e-con-boxed e-con e-parent\" data-id=\"682b3649\" data-element_type=\"container\">\n\t\t\t\t\t<div class=\"e-con-inner\">\n\t\t<div class=\"elementor-element elementor-element-4c2ae12e e-con-full e-flex e-con e-child\" data-id=\"4c2ae12e\" data-element_type=\"container\">\n\t\t\t\t<div class=\"elementor-element elementor-element-3e8f5d7c e-transform elementor-widget elementor-widget-image\" data-id=\"3e8f5d7c\" data-element_type=\"widget\" data-settings=\"{&quot;_transform_flipX_effect&quot;:&quot;transform&quot;}\" data-widget_type=\"image.default\">\n\t\t\t\t\t\t\t\t\t\t\t\t\t\t\t<img fetchpriority=\"high\" decoding=\"async\" width=\"800\" height=\"534\" src=\"https:\/\/bollverk.ee\/wp-content\/uploads\/2025\/07\/3ceef6baa437622b376282feca0e8426212e0118-1024x683.jpg\" class=\"attachment-large size-large wp-image-1384\" alt=\"\" srcset=\"https:\/\/bollverk.ee\/wp-content\/uploads\/2025\/07\/3ceef6baa437622b376282feca0e8426212e0118-1024x683.jpg 1024w, https:\/\/bollverk.ee\/wp-content\/uploads\/2025\/07\/3ceef6baa437622b376282feca0e8426212e0118-300x200.jpg 300w, https:\/\/bollverk.ee\/wp-content\/uploads\/2025\/07\/3ceef6baa437622b376282feca0e8426212e0118-768x512.jpg 768w, https:\/\/bollverk.ee\/wp-content\/uploads\/2025\/07\/3ceef6baa437622b376282feca0e8426212e0118-1536x1024.jpg 1536w, https:\/\/bollverk.ee\/wp-content\/uploads\/2025\/07\/3ceef6baa437622b376282feca0e8426212e0118-2048x1366.jpg 2048w, https:\/\/bollverk.ee\/wp-content\/uploads\/2025\/07\/3ceef6baa437622b376282feca0e8426212e0118-600x400.jpg 600w\" sizes=\"(max-width: 800px) 100vw, 800px\" \/>\t\t\t\t\t\t\t\t\t\t\t\t\t\t\t<\/div>\n\t\t\t\t<div class=\"elementor-element elementor-element-1ab444c3 elementor-widget elementor-widget-text-editor\" data-id=\"1ab444c3\" data-element_type=\"widget\" data-widget_type=\"text-editor.default\">\n\t\t\t\t\t\t\t\t\t<div class=\"elementor-element elementor-element-371db95c elementor-align-left elementor-widget__width-auto elementor-icon-list--layout-traditional elementor-list-item-link-full_width elementor-widget elementor-widget-icon-list\" data-id=\"371db95c\" data-element_type=\"widget\" data-widget_type=\"icon-list.default\"><ul class=\"elementor-icon-list-items\"><li class=\"elementor-icon-list-item\"><span class=\"elementor-icon-list-text\">High precision and high-quality end result.<\/span><\/li><li class=\"elementor-icon-list-item\"><span class=\"elementor-icon-list-text\">Possibility to process different materials (metal, plastic, wood).<\/span><\/li><li class=\"elementor-icon-list-item\"><span class=\"elementor-icon-list-text\">Modern CNC equipment ensures efficiency.<\/span><\/li><\/ul><\/div><div class=\"elementor-element elementor-element-339dee3b elementor-align-left elementor-widget__width-auto elementor-icon-list--layout-traditional elementor-list-item-link-full_width elementor-widget elementor-widget-icon-list\" data-id=\"339dee3b\" data-element_type=\"widget\" data-widget_type=\"icon-list.default\"><ul class=\"elementor-icon-list-items\"><li class=\"elementor-icon-list-item\"><span class=\"elementor-icon-list-text\">Suitable for both small-scale and large-scale projects.<\/span><\/li><li class=\"elementor-icon-list-item\"><span class=\"elementor-icon-list-text\">Flexible solution according to customer needs.<\/span><\/li><\/ul><\/div>\t\t\t\t\t\t\t\t<\/div>\n\t\t\t\t<\/div>\n\t\t<div class=\"elementor-element elementor-element-65bfeea e-con-full e-grid e-con e-child\" data-id=\"65bfeea\" data-element_type=\"container\">\n\t\t<div class=\"elementor-element elementor-element-b97fb23 e-con-full e-flex e-con e-child\" data-id=\"b97fb23\" data-element_type=\"container\" data-settings=\"{&quot;background_background&quot;:&quot;classic&quot;}\">\n\t\t\t\t<div class=\"elementor-element elementor-element-0ca01f0 elementor-widget elementor-widget-heading\" data-id=\"0ca01f0\" data-element_type=\"widget\" data-widget_type=\"heading.default\">\n\t\t\t\t\t<span class=\"elementor-heading-title elementor-size-default\">Request service<\/span>\t\t\t\t<\/div>\n\t\t\t\t<div class=\"elementor-element elementor-element-2afb98c elementor-widget elementor-widget-text-editor\" data-id=\"2afb98c\" data-element_type=\"widget\" data-widget_type=\"text-editor.default\">\n\t\t\t\t\t\t\t\t\t<p>If you want to know more about this service, ask us about it.<\/p>\t\t\t\t\t\t\t\t<\/div>\n\t\t\t\t<div class=\"elementor-element elementor-element-59e018f elementor-animation-grow elementor-widget__width-inherit elementor-widget-mobile__width-inherit elementor-invisible elementor-widget elementor-widget-mdp-buttoner-elementor\" data-id=\"59e018f\" data-element_type=\"widget\" data-settings=\"{&quot;_animation&quot;:&quot;fadeInUp&quot;}\" data-widget_type=\"mdp-buttoner-elementor.default\">\n\t\t\t\t<div class=\"elementor-widget-container\">\n\t\t\t\t\t        <style>\n            .mdp-buttoner-container-59e018f .mdp-buttoner-link { cursor: pointer; }         <\/style>\n                <!-- Start Buttoner for Elementor WordPress Plugin -->\n        <div class=\"mdp-buttoner-container mdp-buttoner-container-59e018f\">\n            <a id=\"\"\n               href=\"https:\/\/bollverk.ee\/kontakt\/\"\n               class=\"mdp-buttoner-link elementor-animation-grow\"\n\t\t\t\t\t\t\t\t            >\n\n\t\t        <span >\n\n\t\t\t        \n                    <span class=\"mdp-buttoner-text\">Kontakt<\/span>\n\n                    \n\t\t        <\/span>\n\n            <\/a>\n        <\/div>\n        <!-- End Buttoner for Elementor WordPress Plugin -->\n\t\t\t\t\t\t<\/div>\n\t\t\t\t<\/div>\n\t\t\t\t<\/div>\n\t\t<div class=\"elementor-element elementor-element-967c21c e-con-full e-flex e-con e-child\" data-id=\"967c21c\" data-element_type=\"container\" data-settings=\"{&quot;background_background&quot;:&quot;classic&quot;}\">\n\t\t<div class=\"elementor-element elementor-element-4268391 e-con-full e-flex e-con e-child\" data-id=\"4268391\" data-element_type=\"container\" data-settings=\"{&quot;background_background&quot;:&quot;classic&quot;}\">\n\t\t\t\t<div class=\"elementor-element elementor-element-841038a elementor-widget elementor-widget-heading\" data-id=\"841038a\" data-element_type=\"widget\" data-widget_type=\"heading.default\">\n\t\t\t\t\t<span class=\"elementor-heading-title elementor-size-default\">CONTACT<\/span>\t\t\t\t<\/div>\n\t\t\t\t<div class=\"elementor-element elementor-element-1284e1a elementor-widget elementor-widget-text-editor\" data-id=\"1284e1a\" data-element_type=\"widget\" data-widget_type=\"text-editor.default\">\n\t\t\t\t\t\t\t\t\t<p><a href=\"tel:5056377\">505 6377<\/a><\/p>\t\t\t\t\t\t\t\t<\/div>\n\t\t\t\t<div class=\"elementor-element elementor-element-fee6d6d elementor-widget elementor-widget-text-editor\" data-id=\"fee6d6d\" data-element_type=\"widget\" data-widget_type=\"text-editor.default\">\n\t\t\t\t\t\t\t\t\t<p><a href=\"mailto:margus.bollverk@mail.ee\">margus.bollverk@mail.ee<\/a><\/p>\t\t\t\t\t\t\t\t<\/div>\n\t\t\t\t<\/div>\n\t\t\t\t<\/div>\n\t\t<div class=\"elementor-element elementor-element-0656c1d e-con-full e-flex e-con e-child\" data-id=\"0656c1d\" data-element_type=\"container\" data-settings=\"{&quot;background_background&quot;:&quot;classic&quot;}\">\n\t\t<div class=\"elementor-element elementor-element-f4daa01 e-con-full e-flex e-con e-child\" data-id=\"f4daa01\" data-element_type=\"container\" data-settings=\"{&quot;background_background&quot;:&quot;classic&quot;}\">\n\t\t\t\t<div class=\"elementor-element elementor-element-ab042ab elementor-widget elementor-widget-heading\" data-id=\"ab042ab\" data-element_type=\"widget\" data-widget_type=\"heading.default\">\n\t\t\t\t\t<span class=\"elementor-heading-title elementor-size-default\">Address<\/span>\t\t\t\t<\/div>\n\t\t\t\t<div class=\"elementor-element elementor-element-29ba42e elementor-widget elementor-widget-text-editor\" data-id=\"29ba42e\" data-element_type=\"widget\" data-widget_type=\"text-editor.default\">\n\t\t\t\t\t\t\t\t\t<p>T\u00f6\u00f6koja, Kodasema, 73207 J\u00e4rva county<\/p>\t\t\t\t\t\t\t\t<\/div>\n\t\t\t\t<\/div>\n\t\t\t\t<\/div>\n\t\t\t\t<\/div>\n\t\t\t\t\t<\/div>\n\t\t\t\t<\/div>\n\t\t<div class=\"elementor-element elementor-element-126a2005 e-flex e-con-boxed e-con e-parent\" data-id=\"126a2005\" data-element_type=\"container\">\n\t\t\t\t\t<div class=\"e-con-inner\">\n\t\t<div class=\"elementor-element elementor-element-552b611b e-con-full e-flex e-con e-child\" data-id=\"552b611b\" data-element_type=\"container\">\n\t\t\t\t<div class=\"elementor-element elementor-element-15f0787c elementor-widget elementor-widget-heading\" data-id=\"15f0787c\" data-element_type=\"widget\" data-widget_type=\"heading.default\">\n\t\t\t\t\t<h2 class=\"elementor-heading-title elementor-size-default\">Contact form<\/h2>\t\t\t\t<\/div>\n\t\t\t\t<div class=\"elementor-element elementor-element-433e57b elementor-widget__width-auto elementor-absolute elementor-invisible elementor-widget elementor-widget-heading\" data-id=\"433e57b\" data-element_type=\"widget\" data-settings=\"{&quot;_position&quot;:&quot;absolute&quot;,&quot;_animation&quot;:&quot;fadeInDown&quot;}\" data-widget_type=\"heading.default\">\n\t\t\t\t\t<h2 class=\"elementor-heading-title elementor-size-default\">Contact us<\/h2>\t\t\t\t<\/div>\n\t\t\t\t<div class=\"elementor-element elementor-element-c3f61ad elementor-button-align-start elementor-mobile-button-align-stretch elementor-widget elementor-widget-form\" data-id=\"c3f61ad\" data-element_type=\"widget\" data-settings=\"{&quot;step_next_label&quot;:&quot;Next&quot;,&quot;step_previous_label&quot;:&quot;Previous&quot;,&quot;button_width&quot;:&quot;40&quot;,&quot;step_type&quot;:&quot;number_text&quot;,&quot;step_icon_shape&quot;:&quot;circle&quot;}\" data-widget_type=\"form.default\">\n\t\t\t\t\t\t\t<form class=\"elementor-form\" method=\"post\" name=\"New Form\" aria-label=\"New Form\">\n\t\t\t<input type=\"hidden\" name=\"post_id\" value=\"1553\"\/>\n\t\t\t<input type=\"hidden\" name=\"form_id\" value=\"c3f61ad\"\/>\n\t\t\t<input type=\"hidden\" name=\"referer_title\" value=\"Bollverk\" \/>\n\n\t\t\t\n\t\t\t<div class=\"elementor-form-fields-wrapper elementor-labels-above\">\n\t\t\t\t\t\t\t\t<div class=\"elementor-field-type-text elementor-field-group elementor-column elementor-field-group-name elementor-col-50 elementor-field-required\">\n\t\t\t\t\t\t\t\t\t\t\t\t<label for=\"form-field-name\" class=\"elementor-field-label\">\n\t\t\t\t\t\t\t\tName\t\t\t\t\t\t\t<\/label>\n\t\t\t\t\t\t\t\t\t\t\t\t\t\t<input size=\"1\" type=\"text\" name=\"form_fields[name]\" id=\"form-field-name\" class=\"elementor-field elementor-size-sm  elementor-field-textual\" placeholder=\"Enter your name\" required=\"required\">\n\t\t\t\t\t\t\t\t\t\t\t<\/div>\n\t\t\t\t\t\t\t\t<div class=\"elementor-field-type-tel elementor-field-group elementor-column elementor-field-group-tel elementor-col-50 elementor-field-required\">\n\t\t\t\t\t\t\t\t\t\t\t\t<label for=\"form-field-tel\" class=\"elementor-field-label\">\n\t\t\t\t\t\t\t\tTelephone\t\t\t\t\t\t\t<\/label>\n\t\t\t\t\t\t\t\t<input size=\"1\" type=\"tel\" name=\"form_fields[tel]\" id=\"form-field-tel\" class=\"elementor-field elementor-size-sm  elementor-field-textual\" placeholder=\"Enter your phone\" required=\"required\" pattern=\"[0-9()#&amp;+*-=.]+\" title=\"Only numbers and phone characters (#, -, *, etc) are accepted.\">\n\n\t\t\t\t\t\t<\/div>\n\t\t\t\t\t\t\t\t<div class=\"elementor-field-type-email elementor-field-group elementor-column elementor-field-group-field_7784ec5 elementor-col-100 elementor-field-required\">\n\t\t\t\t\t\t\t\t\t\t\t\t<label for=\"form-field-field_7784ec5\" class=\"elementor-field-label\">\n\t\t\t\t\t\t\t\tE-mail\t\t\t\t\t\t\t<\/label>\n\t\t\t\t\t\t\t\t\t\t\t\t\t\t<input size=\"1\" type=\"email\" name=\"form_fields[field_7784ec5]\" id=\"form-field-field_7784ec5\" class=\"elementor-field elementor-size-sm  elementor-field-textual\" placeholder=\"Enter your email\" required=\"required\">\n\t\t\t\t\t\t\t\t\t\t\t<\/div>\n\t\t\t\t\t\t\t\t<div class=\"elementor-field-type-textarea elementor-field-group elementor-column elementor-field-group-message elementor-col-100\">\n\t\t\t\t\t\t\t\t\t\t\t\t<label for=\"form-field-message\" class=\"elementor-field-label\">\n\t\t\t\t\t\t\t\tMessage\t\t\t\t\t\t\t<\/label>\n\t\t\t\t\t\t<textarea class=\"elementor-field-textual elementor-field  elementor-size-sm\" name=\"form_fields[message]\" id=\"form-field-message\" rows=\"2\" placeholder=\"Enter your message\"><\/textarea>\t\t\t\t<\/div>\n\t\t\t\t\t\t\t\t<div class=\"elementor-field-type-hidden elementor-field-group elementor-column elementor-field-group-field_ba131f9 elementor-col-100\">\n\t\t\t\t\t\t\t\t\t\t\t\t\t<input size=\"1\" type=\"hidden\" name=\"form_fields[field_ba131f9]\" id=\"form-field-field_ba131f9\" class=\"elementor-field elementor-size-sm  elementor-field-textual\" value=\"Milling\">\n\t\t\t\t\t\t\t\t\t\t\t<\/div>\n\t\t\t\t\t\t\t\t<div class=\"elementor-field-type-recaptcha_v3 elementor-field-group elementor-column elementor-field-group-field_9aea773 elementor-col-100 recaptcha_v3-bottomright\">\n\t\t\t\t\t<div class=\"elementor-field\" id=\"form-field-field_9aea773\"><div class=\"elementor-g-recaptcha\" data-sitekey=\"6LdcPgssAAAAAErguCjFZ5gwRLHXuiBPig0YMd2I\" data-type=\"v3\" data-action=\"Form\" data-badge=\"bottomright\" data-size=\"invisible\"><\/div><\/div>\t\t\t\t<\/div>\n\t\t\t\t\t\t\t\t<div class=\"elementor-field-group elementor-column elementor-field-type-submit elementor-col-40 e-form__buttons\">\n\t\t\t\t\t<button class=\"elementor-button elementor-size-sm\" type=\"submit\">\n\t\t\t\t\t\t<span class=\"elementor-button-content-wrapper\">\n\t\t\t\t\t\t\t\t\t\t\t\t\t\t\t\t\t\t\t\t\t\t<span class=\"elementor-button-text\">Send<\/span>\n\t\t\t\t\t\t\t\t\t\t\t\t\t<\/span>\n\t\t\t\t\t<\/button>\n\t\t\t\t<\/div>\n\t\t\t<\/div>\n\t\t<\/form>\n\t\t\t\t\t\t<\/div>\n\t\t\t\t<\/div>\n\t\t\t\t\t<\/div>\n\t\t\t\t<\/div>\n\t\t\t\t<\/div>\n\t\t","protected":false},"excerpt":{"rendered":"<p>High precision and high-quality end result. Possibility to process different materials (metal, plastic, wood). Modern CNC equipment ensures efficiency. Suitable for both small-scale and large-scale projects. Flexible solution according to customer needs. Request service If you want to know more about this service, ask us about it. Kontakt CONTACT 505 6377 margus.bollverk@mail.ee Address T\u00f6\u00f6koja, Kodasema, [&hellip;]<\/p>\n","protected":false},"author":1,"featured_media":0,"parent":1567,"menu_order":0,"comment_status":"closed","ping_status":"closed","template":"elementor_header_footer","meta":{"footnotes":""},"class_list":["post-1553","page","type-page","status-publish","hentry"],"yoast_head":"<!-- This site is optimized with the Yoast SEO plugin v26.3 - https:\/\/yoast.com\/wordpress\/plugins\/seo\/ -->\n<title>Bollverk Milling \u2013 CNC Machining with Precision and Quality<\/title>\n<meta name=\"description\" content=\"High precision and high-quality end result. Bollverk CNC milling is suitable for both small and large projects, from materials ranging from metal to wood.\" \/>\n<meta name=\"robots\" content=\"index, follow, max-snippet:-1, max-image-preview:large, max-video-preview:-1\" \/>\n<link rel=\"canonical\" href=\"https:\/\/bollverk.ee\/en\/services\/milling\/\" \/>\n<meta property=\"og:locale\" content=\"en_US\" \/>\n<meta property=\"og:type\" content=\"article\" \/>\n<meta property=\"og:title\" content=\"Bollverk Milling \u2013 CNC Machining with Precision and Quality\" \/>\n<meta property=\"og:description\" content=\"High precision and high-quality end result. Bollverk CNC milling is suitable for both small and large projects, from materials ranging from metal to wood.\" \/>\n<meta property=\"og:url\" content=\"https:\/\/bollverk.ee\/en\/services\/milling\/\" \/>\n<meta property=\"og:site_name\" content=\"Bollverk\" \/>\n<meta property=\"article:modified_time\" content=\"2025-11-13T09:57:51+00:00\" \/>\n<meta property=\"og:image\" content=\"https:\/\/bollverk.ee\/wp-content\/uploads\/2025\/07\/3ceef6baa437622b376282feca0e8426212e0118-1024x683.jpg\" \/>\n<meta name=\"twitter:card\" content=\"summary_large_image\" \/>\n<meta name=\"twitter:label1\" content=\"Est. reading time\" \/>\n\t<meta name=\"twitter:data1\" content=\"1 minute\" \/>\n<script type=\"application\/ld+json\" class=\"yoast-schema-graph\">{\"@context\":\"https:\/\/schema.org\",\"@graph\":[{\"@type\":\"WebPage\",\"@id\":\"https:\/\/bollverk.ee\/en\/services\/milling\/\",\"url\":\"https:\/\/bollverk.ee\/en\/services\/milling\/\",\"name\":\"Bollverk Milling \u2013 CNC Machining with Precision and Quality\",\"isPartOf\":{\"@id\":\"https:\/\/bollverk.ee\/en\/#website\"},\"primaryImageOfPage\":{\"@id\":\"https:\/\/bollverk.ee\/en\/services\/milling\/#primaryimage\"},\"image\":{\"@id\":\"https:\/\/bollverk.ee\/en\/services\/milling\/#primaryimage\"},\"thumbnailUrl\":\"https:\/\/bollverk.ee\/wp-content\/uploads\/2025\/07\/3ceef6baa437622b376282feca0e8426212e0118-1024x683.jpg\",\"datePublished\":\"2025-07-11T10:20:28+00:00\",\"dateModified\":\"2025-11-13T09:57:51+00:00\",\"description\":\"High precision and high-quality end result. Bollverk CNC milling is suitable for both small and large projects, from materials ranging from metal to wood.\",\"breadcrumb\":{\"@id\":\"https:\/\/bollverk.ee\/en\/services\/milling\/#breadcrumb\"},\"inLanguage\":\"en-US\",\"potentialAction\":[{\"@type\":\"ReadAction\",\"target\":[\"https:\/\/bollverk.ee\/en\/services\/milling\/\"]}]},{\"@type\":\"ImageObject\",\"inLanguage\":\"en-US\",\"@id\":\"https:\/\/bollverk.ee\/en\/services\/milling\/#primaryimage\",\"url\":\"https:\/\/bollverk.ee\/wp-content\/uploads\/2025\/07\/3ceef6baa437622b376282feca0e8426212e0118-1024x683.jpg\",\"contentUrl\":\"https:\/\/bollverk.ee\/wp-content\/uploads\/2025\/07\/3ceef6baa437622b376282feca0e8426212e0118-1024x683.jpg\"},{\"@type\":\"BreadcrumbList\",\"@id\":\"https:\/\/bollverk.ee\/en\/services\/milling\/#breadcrumb\",\"itemListElement\":[{\"@type\":\"ListItem\",\"position\":1,\"name\":\"Home\",\"item\":\"https:\/\/bollverk.ee\/en\/\"},{\"@type\":\"ListItem\",\"position\":2,\"name\":\"Services\",\"item\":\"https:\/\/bollverk.ee\/en\/services\/\"},{\"@type\":\"ListItem\",\"position\":3,\"name\":\"Milling\"}]},{\"@type\":\"WebSite\",\"@id\":\"https:\/\/bollverk.ee\/en\/#website\",\"url\":\"https:\/\/bollverk.ee\/en\/\",\"name\":\"Bollverk\",\"description\":\"Ralliauto k\u00e4igukasti sisud ja \u00fclekanded\",\"publisher\":{\"@id\":\"https:\/\/bollverk.ee\/en\/#organization\"},\"potentialAction\":[{\"@type\":\"SearchAction\",\"target\":{\"@type\":\"EntryPoint\",\"urlTemplate\":\"https:\/\/bollverk.ee\/en\/?s={search_term_string}\"},\"query-input\":{\"@type\":\"PropertyValueSpecification\",\"valueRequired\":true,\"valueName\":\"search_term_string\"}}],\"inLanguage\":\"en-US\"},{\"@type\":\"Organization\",\"@id\":\"https:\/\/bollverk.ee\/en\/#organization\",\"name\":\"Bollverk\",\"url\":\"https:\/\/bollverk.ee\/en\/\",\"logo\":{\"@type\":\"ImageObject\",\"inLanguage\":\"en-US\",\"@id\":\"https:\/\/bollverk.ee\/en\/#\/schema\/logo\/image\/\",\"url\":\"https:\/\/bollverk.ee\/wp-content\/uploads\/2025\/10\/Uus-Projekt-35.png\",\"contentUrl\":\"https:\/\/bollverk.ee\/wp-content\/uploads\/2025\/10\/Uus-Projekt-35.png\",\"width\":400,\"height\":400,\"caption\":\"Bollverk\"},\"image\":{\"@id\":\"https:\/\/bollverk.ee\/en\/#\/schema\/logo\/image\/\"}}]}<\/script>\n<!-- \/ Yoast SEO plugin. -->","yoast_head_json":{"title":"Bollverk Milling \u2013 CNC Machining with Precision and Quality","description":"High precision and high-quality end result. Bollverk CNC milling is suitable for both small and large projects, from materials ranging from metal to wood.","robots":{"index":"index","follow":"follow","max-snippet":"max-snippet:-1","max-image-preview":"max-image-preview:large","max-video-preview":"max-video-preview:-1"},"canonical":"https:\/\/bollverk.ee\/en\/services\/milling\/","og_locale":"en_US","og_type":"article","og_title":"Bollverk Milling \u2013 CNC Machining with Precision and Quality","og_description":"High precision and high-quality end result. Bollverk CNC milling is suitable for both small and large projects, from materials ranging from metal to wood.","og_url":"https:\/\/bollverk.ee\/en\/services\/milling\/","og_site_name":"Bollverk","article_modified_time":"2025-11-13T09:57:51+00:00","og_image":[{"url":"https:\/\/bollverk.ee\/wp-content\/uploads\/2025\/07\/3ceef6baa437622b376282feca0e8426212e0118-1024x683.jpg","type":"","width":"","height":""}],"twitter_card":"summary_large_image","twitter_misc":{"Est. reading time":"1 minute"},"schema":{"@context":"https:\/\/schema.org","@graph":[{"@type":"WebPage","@id":"https:\/\/bollverk.ee\/en\/services\/milling\/","url":"https:\/\/bollverk.ee\/en\/services\/milling\/","name":"Bollverk Milling \u2013 CNC Machining with Precision and Quality","isPartOf":{"@id":"https:\/\/bollverk.ee\/en\/#website"},"primaryImageOfPage":{"@id":"https:\/\/bollverk.ee\/en\/services\/milling\/#primaryimage"},"image":{"@id":"https:\/\/bollverk.ee\/en\/services\/milling\/#primaryimage"},"thumbnailUrl":"https:\/\/bollverk.ee\/wp-content\/uploads\/2025\/07\/3ceef6baa437622b376282feca0e8426212e0118-1024x683.jpg","datePublished":"2025-07-11T10:20:28+00:00","dateModified":"2025-11-13T09:57:51+00:00","description":"High precision and high-quality end result. Bollverk CNC milling is suitable for both small and large projects, from materials ranging from metal to wood.","breadcrumb":{"@id":"https:\/\/bollverk.ee\/en\/services\/milling\/#breadcrumb"},"inLanguage":"en-US","potentialAction":[{"@type":"ReadAction","target":["https:\/\/bollverk.ee\/en\/services\/milling\/"]}]},{"@type":"ImageObject","inLanguage":"en-US","@id":"https:\/\/bollverk.ee\/en\/services\/milling\/#primaryimage","url":"https:\/\/bollverk.ee\/wp-content\/uploads\/2025\/07\/3ceef6baa437622b376282feca0e8426212e0118-1024x683.jpg","contentUrl":"https:\/\/bollverk.ee\/wp-content\/uploads\/2025\/07\/3ceef6baa437622b376282feca0e8426212e0118-1024x683.jpg"},{"@type":"BreadcrumbList","@id":"https:\/\/bollverk.ee\/en\/services\/milling\/#breadcrumb","itemListElement":[{"@type":"ListItem","position":1,"name":"Home","item":"https:\/\/bollverk.ee\/en\/"},{"@type":"ListItem","position":2,"name":"Services","item":"https:\/\/bollverk.ee\/en\/services\/"},{"@type":"ListItem","position":3,"name":"Milling"}]},{"@type":"WebSite","@id":"https:\/\/bollverk.ee\/en\/#website","url":"https:\/\/bollverk.ee\/en\/","name":"Bollverk","description":"Ralliauto k\u00e4igukasti sisud ja \u00fclekanded","publisher":{"@id":"https:\/\/bollverk.ee\/en\/#organization"},"potentialAction":[{"@type":"SearchAction","target":{"@type":"EntryPoint","urlTemplate":"https:\/\/bollverk.ee\/en\/?s={search_term_string}"},"query-input":{"@type":"PropertyValueSpecification","valueRequired":true,"valueName":"search_term_string"}}],"inLanguage":"en-US"},{"@type":"Organization","@id":"https:\/\/bollverk.ee\/en\/#organization","name":"Bollverk","url":"https:\/\/bollverk.ee\/en\/","logo":{"@type":"ImageObject","inLanguage":"en-US","@id":"https:\/\/bollverk.ee\/en\/#\/schema\/logo\/image\/","url":"https:\/\/bollverk.ee\/wp-content\/uploads\/2025\/10\/Uus-Projekt-35.png","contentUrl":"https:\/\/bollverk.ee\/wp-content\/uploads\/2025\/10\/Uus-Projekt-35.png","width":400,"height":400,"caption":"Bollverk"},"image":{"@id":"https:\/\/bollverk.ee\/en\/#\/schema\/logo\/image\/"}}]}},"_links":{"self":[{"href":"https:\/\/bollverk.ee\/en\/wp-json\/wp\/v2\/pages\/1553","targetHints":{"allow":["GET"]}}],"collection":[{"href":"https:\/\/bollverk.ee\/en\/wp-json\/wp\/v2\/pages"}],"about":[{"href":"https:\/\/bollverk.ee\/en\/wp-json\/wp\/v2\/types\/page"}],"author":[{"embeddable":true,"href":"https:\/\/bollverk.ee\/en\/wp-json\/wp\/v2\/users\/1"}],"replies":[{"embeddable":true,"href":"https:\/\/bollverk.ee\/en\/wp-json\/wp\/v2\/comments?post=1553"}],"version-history":[{"count":5,"href":"https:\/\/bollverk.ee\/en\/wp-json\/wp\/v2\/pages\/1553\/revisions"}],"predecessor-version":[{"id":1861,"href":"https:\/\/bollverk.ee\/en\/wp-json\/wp\/v2\/pages\/1553\/revisions\/1861"}],"up":[{"embeddable":true,"href":"https:\/\/bollverk.ee\/en\/wp-json\/wp\/v2\/pages\/1567"}],"wp:attachment":[{"href":"https:\/\/bollverk.ee\/en\/wp-json\/wp\/v2\/media?parent=1553"}],"curies":[{"name":"wp","href":"https:\/\/api.w.org\/{rel}","templated":true}]}}