{"id":1557,"date":"2025-07-18T15:24:55","date_gmt":"2025-07-18T12:24:55","guid":{"rendered":"https:\/\/bollverk.ee\/contact\/"},"modified":"2025-11-13T11:54:10","modified_gmt":"2025-11-13T09:54:10","slug":"contact","status":"publish","type":"page","link":"https:\/\/bollverk.ee\/en\/contact\/","title":{"rendered":"Contact"},"content":{"rendered":"\t\t<div data-elementor-type=\"wp-page\" data-elementor-id=\"1557\" class=\"elementor elementor-1557 elementor-586\" data-elementor-post-type=\"page\">\n\t\t\t\t<div class=\"elementor-element elementor-element-7f5fac28 e-flex e-con-boxed e-con e-parent\" data-id=\"7f5fac28\" data-element_type=\"container\" data-settings=\"{&quot;background_background&quot;:&quot;classic&quot;}\">\n\t\t\t\t\t<div class=\"e-con-inner\">\n\t\t\t\t<div class=\"elementor-element elementor-element-49ba779 elementor-widget elementor-widget-breadcrumbs\" data-id=\"49ba779\" data-element_type=\"widget\" data-widget_type=\"breadcrumbs.default\">\n\t\t\t\t\t<p id=\"breadcrumbs\"><span><span><a href=\"https:\/\/bollverk.ee\/en\/\">Home<\/a><\/span><\/span><\/p>\t\t\t\t<\/div>\n\t\t\t\t<div class=\"elementor-element elementor-element-2d7f63c8 elementor-widget elementor-widget-heading\" data-id=\"2d7f63c8\" data-element_type=\"widget\" data-widget_type=\"heading.default\">\n\t\t\t\t\t<h1 class=\"elementor-heading-title elementor-size-default\">Contact<\/h1>\t\t\t\t<\/div>\n\t\t\t\t\t<\/div>\n\t\t\t\t<\/div>\n\t\t<div class=\"elementor-element elementor-element-5c04d1fc e-grid e-con-boxed e-con e-child\" data-id=\"5c04d1fc\" data-element_type=\"container\">\n\t\t\t\t\t<div class=\"e-con-inner\">\n\t\t<div class=\"elementor-element elementor-element-63ddb317 e-con-full e-flex e-con e-child\" data-id=\"63ddb317\" data-element_type=\"container\" data-settings=\"{&quot;background_background&quot;:&quot;classic&quot;}\">\n\t\t<div class=\"elementor-element elementor-element-1141b3ff e-con-full e-flex e-con e-child\" data-id=\"1141b3ff\" data-element_type=\"container\" data-settings=\"{&quot;background_background&quot;:&quot;classic&quot;}\">\n\t\t\t\t<div class=\"elementor-element elementor-element-7ec4a24f elementor-widget elementor-widget-heading\" data-id=\"7ec4a24f\" data-element_type=\"widget\" data-widget_type=\"heading.default\">\n\t\t\t\t\t<span class=\"elementor-heading-title elementor-size-default\">CONTACT<\/span>\t\t\t\t<\/div>\n\t\t\t\t<div class=\"elementor-element elementor-element-6721b266 elementor-widget elementor-widget-text-editor\" data-id=\"6721b266\" data-element_type=\"widget\" data-widget_type=\"text-editor.default\">\n\t\t\t\t\t\t\t\t\t<a href=\"tel:+3725056377\">+372 505 6377<\/a>\t\t\t\t\t\t\t\t<\/div>\n\t\t\t\t<div class=\"elementor-element elementor-element-11e6d5ec elementor-widget elementor-widget-text-editor\" data-id=\"11e6d5ec\" data-element_type=\"widget\" data-widget_type=\"text-editor.default\">\n\t\t\t\t\t\t\t\t\t<p><a href=\"mailto:margus.bollverk@mail.ee\">  margus.bollverk@mail.ee<\/a><\/p>\t\t\t\t\t\t\t\t<\/div>\n\t\t\t\t<div class=\"elementor-element elementor-element-cf9efba elementor-widget elementor-widget-image\" data-id=\"cf9efba\" data-element_type=\"widget\" data-widget_type=\"image.default\">\n\t\t\t\t\t\t\t\t\t\t\t\t\t\t\t<img fetchpriority=\"high\" decoding=\"async\" width=\"800\" height=\"150\" src=\"https:\/\/www.bollverk.ee\/wp-content\/uploads\/2025\/07\/Bollverk-logo.svg\" class=\"attachment-large size-large wp-image-1306\" alt=\"\" \/>\t\t\t\t\t\t\t\t\t\t\t\t\t\t\t<\/div>\n\t\t\t\t<\/div>\n\t\t\t\t<\/div>\n\t\t<div class=\"elementor-element elementor-element-48c90a5b e-con-full e-flex e-con e-child\" data-id=\"48c90a5b\" data-element_type=\"container\" data-settings=\"{&quot;background_background&quot;:&quot;classic&quot;}\">\n\t\t<div class=\"elementor-element elementor-element-3aa4f3c3 e-con-full e-flex e-con e-child\" data-id=\"3aa4f3c3\" data-element_type=\"container\" data-settings=\"{&quot;background_background&quot;:&quot;classic&quot;}\">\n\t\t\t\t<div class=\"elementor-element elementor-element-b0622f6 elementor-widget elementor-widget-heading\" data-id=\"b0622f6\" data-element_type=\"widget\" data-widget_type=\"heading.default\">\n\t\t\t\t\t<span class=\"elementor-heading-title elementor-size-default\">Address<\/span>\t\t\t\t<\/div>\n\t\t\t\t<div class=\"elementor-element elementor-element-605dce6c elementor-widget elementor-widget-text-editor\" data-id=\"605dce6c\" data-element_type=\"widget\" data-widget_type=\"text-editor.default\">\n\t\t\t\t\t\t\t\t\t<p>T\u00f6\u00f6koja, Kodasema, 73207 J\u00e4rva county<\/p>\t\t\t\t\t\t\t\t<\/div>\n\t\t\t\t<\/div>\n\t\t\t\t<\/div>\n\t\t<div class=\"elementor-element elementor-element-3fe6fba1 e-con-full e-flex e-con e-child\" data-id=\"3fe6fba1\" data-element_type=\"container\" data-settings=\"{&quot;background_background&quot;:&quot;classic&quot;}\">\n\t\t\t\t<div class=\"elementor-element elementor-element-48ad1a32 elementor-widget elementor-widget-heading\" data-id=\"48ad1a32\" data-element_type=\"widget\" data-widget_type=\"heading.default\">\n\t\t\t\t\t<span class=\"elementor-heading-title elementor-size-default\">Open<\/span>\t\t\t\t<\/div>\n\t\t<div class=\"elementor-element elementor-element-7d9afb44 e-con-full e-flex e-con e-child\" data-id=\"7d9afb44\" data-element_type=\"container\">\n\t\t\t\t<div class=\"elementor-element elementor-element-61076a3 elementor-widget elementor-widget-text-editor\" data-id=\"61076a3\" data-element_type=\"widget\" data-widget_type=\"text-editor.default\">\n\t\t\t\t\t\t\t\t\t<p>Mon-Fri 9-17<\/p>\t\t\t\t\t\t\t\t<\/div>\n\t\t\t\t<\/div>\n\t\t\t\t<\/div>\n\t\t\t\t\t<\/div>\n\t\t\t\t<\/div>\n\t\t<div class=\"elementor-element elementor-element-653c486c e-flex e-con-boxed e-con e-parent\" data-id=\"653c486c\" data-element_type=\"container\">\n\t\t\t\t\t<div class=\"e-con-inner\">\n\t\t<div class=\"elementor-element elementor-element-4ae68736 e-con-full e-flex e-con e-child\" data-id=\"4ae68736\" data-element_type=\"container\">\n\t\t\t\t<div class=\"elementor-element elementor-element-76fc1f1f elementor-widget elementor-widget-google_maps\" data-id=\"76fc1f1f\" data-element_type=\"widget\" data-widget_type=\"google_maps.default\">\n\t\t\t\t\t\t\t<div class=\"elementor-custom-embed\">\n\t\t\t<iframe loading=\"lazy\"\n\t\t\t\t\tsrc=\"https:\/\/maps.google.com\/maps?q=Bollverk%20O%C3%9C&#038;t=m&#038;z=11&#038;output=embed&#038;iwloc=near\"\n\t\t\t\t\ttitle=\"Bollverk O\u00dc\"\n\t\t\t\t\taria-label=\"Bollverk O\u00dc\"\n\t\t\t><\/iframe>\n\t\t<\/div>\n\t\t\t\t\t\t<\/div>\n\t\t\t\t<\/div>\n\t\t\t\t\t<\/div>\n\t\t\t\t<\/div>\n\t\t<div class=\"elementor-element elementor-element-ca047da e-flex e-con-boxed e-con e-parent\" data-id=\"ca047da\" data-element_type=\"container\">\n\t\t\t\t\t<div class=\"e-con-inner\">\n\t\t<div class=\"elementor-element elementor-element-bb94eee e-con-full e-flex e-con e-child\" data-id=\"bb94eee\" data-element_type=\"container\">\n\t\t\t\t<div class=\"elementor-element elementor-element-54f7ef0 elementor--h-position-center elementor--v-position-middle elementor-arrows-position-inside elementor-pagination-position-inside elementor-widget elementor-widget-slides\" data-id=\"54f7ef0\" data-element_type=\"widget\" data-settings=\"{&quot;navigation&quot;:&quot;both&quot;,&quot;autoplay&quot;:&quot;yes&quot;,&quot;pause_on_hover&quot;:&quot;yes&quot;,&quot;pause_on_interaction&quot;:&quot;yes&quot;,&quot;autoplay_speed&quot;:5000,&quot;infinite&quot;:&quot;yes&quot;,&quot;transition&quot;:&quot;slide&quot;,&quot;transition_speed&quot;:500}\" data-widget_type=\"slides.default\">\n\t\t\t\t\t\t\t\t\t\t<div class=\"elementor-slides-wrapper elementor-main-swiper swiper\" role=\"region\" aria-roledescription=\"carousel\" aria-label=\"Slides\" dir=\"ltr\" data-animation=\"fadeInUp\">\n\t\t\t\t<div class=\"swiper-wrapper elementor-slides\">\n\t\t\t\t\t\t\t\t\t\t<div class=\"elementor-repeater-item-26b5446 swiper-slide\" role=\"group\" aria-roledescription=\"slide\"><div class=\"swiper-slide-bg\" role=\"img\" aria-label=\"IMG_6169\"><\/div><div class=\"swiper-slide-inner\" ><div class=\"swiper-slide-contents\"><\/div><\/div><\/div><div class=\"elementor-repeater-item-5839622 swiper-slide\" role=\"group\" aria-roledescription=\"slide\"><div class=\"swiper-slide-bg\" role=\"img\" aria-label=\"IMG_6168\"><\/div><div class=\"swiper-slide-inner\" ><div class=\"swiper-slide-contents\"><\/div><\/div><\/div>\t\t\t\t<\/div>\n\t\t\t\t\t\t\t\t\t\t\t\t\t\t\t<div class=\"elementor-swiper-button elementor-swiper-button-prev\" role=\"button\" tabindex=\"0\" aria-label=\"Previous slide\">\n\t\t\t\t\t\t\t<svg aria-hidden=\"true\" class=\"e-font-icon-svg e-eicon-chevron-left\" viewBox=\"0 0 1000 1000\" xmlns=\"http:\/\/www.w3.org\/2000\/svg\"><path d=\"M646 125C629 125 613 133 604 142L308 442C296 454 292 471 292 487 292 504 296 521 308 533L604 854C617 867 629 875 646 875 663 875 679 871 692 858 704 846 713 829 713 812 713 796 708 779 692 767L438 487 692 225C700 217 708 204 708 187 708 171 704 154 692 142 675 129 663 125 646 125Z\"><\/path><\/svg>\t\t\t\t\t\t<\/div>\n\t\t\t\t\t\t<div class=\"elementor-swiper-button elementor-swiper-button-next\" role=\"button\" tabindex=\"0\" aria-label=\"Next slide\">\n\t\t\t\t\t\t\t<svg aria-hidden=\"true\" class=\"e-font-icon-svg e-eicon-chevron-right\" viewBox=\"0 0 1000 1000\" xmlns=\"http:\/\/www.w3.org\/2000\/svg\"><path d=\"M696 533C708 521 713 504 713 487 713 471 708 454 696 446L400 146C388 133 375 125 354 125 338 125 325 129 313 142 300 154 292 171 292 187 292 204 296 221 308 233L563 492 304 771C292 783 288 800 288 817 288 833 296 850 308 863 321 871 338 875 354 875 371 875 388 867 400 854L696 533Z\"><\/path><\/svg>\t\t\t\t\t\t<\/div>\n\t\t\t\t\t\t\t\t\t\t\t\t\t\t\t\t<div class=\"swiper-pagination\"><\/div>\n\t\t\t\t\t\t\t\t\t\t\t\t<\/div>\n\t\t\t\t\t\t\t\t<\/div>\n\t\t\t\t<div class=\"elementor-element elementor-element-d78d8f4 elementor-widget elementor-widget-heading\" data-id=\"d78d8f4\" data-element_type=\"widget\" data-widget_type=\"heading.default\">\n\t\t\t\t\t<h2 class=\"elementor-heading-title elementor-size-default\">Ask for a free consultation!<\/h2>\t\t\t\t<\/div>\n\t\t\t\t<div class=\"elementor-element elementor-element-fa47372 elementor-widget__width-auto elementor-absolute elementor-invisible elementor-widget elementor-widget-heading\" data-id=\"fa47372\" data-element_type=\"widget\" data-settings=\"{&quot;_position&quot;:&quot;absolute&quot;,&quot;_animation&quot;:&quot;fadeInDown&quot;}\" data-widget_type=\"heading.default\">\n\t\t\t\t\t<h2 class=\"elementor-heading-title elementor-size-default\">Contact!<\/h2>\t\t\t\t<\/div>\n\t\t\t\t<div class=\"elementor-element elementor-element-477922d elementor-widget__width-initial elementor-widget-mobile__width-inherit elementor-widget elementor-widget-text-editor\" data-id=\"477922d\" data-element_type=\"widget\" data-widget_type=\"text-editor.default\">\n\t\t\t\t\t\t\t\t\t<p>Our team will help you find the best solution &#8211; fill out the inquiry form below to contact us.<\/p>\t\t\t\t\t\t\t\t<\/div>\n\t\t\t\t<div class=\"elementor-element elementor-element-c64f723 elementor-button-align-start elementor-mobile-button-align-stretch elementor-widget elementor-widget-form\" data-id=\"c64f723\" data-element_type=\"widget\" data-settings=\"{&quot;step_next_label&quot;:&quot;Next&quot;,&quot;step_previous_label&quot;:&quot;Previous&quot;,&quot;button_width&quot;:&quot;40&quot;,&quot;step_type&quot;:&quot;number_text&quot;,&quot;step_icon_shape&quot;:&quot;circle&quot;}\" data-widget_type=\"form.default\">\n\t\t\t\t\t\t\t<form class=\"elementor-form\" method=\"post\" name=\"Contact form\" aria-label=\"Contact form\">\n\t\t\t<input type=\"hidden\" name=\"post_id\" value=\"1557\"\/>\n\t\t\t<input type=\"hidden\" name=\"form_id\" value=\"c64f723\"\/>\n\t\t\t<input type=\"hidden\" name=\"referer_title\" value=\"Bollverk Contact \u2013 Contact Us\" \/>\n\n\t\t\t\t\t\t\t<input type=\"hidden\" name=\"queried_id\" value=\"1557\"\/>\n\t\t\t\n\t\t\t<div class=\"elementor-form-fields-wrapper elementor-labels-above\">\n\t\t\t\t\t\t\t\t<div class=\"elementor-field-type-text elementor-field-group elementor-column elementor-field-group-name elementor-col-50 elementor-field-required\">\n\t\t\t\t\t\t\t\t\t\t\t\t<label for=\"form-field-name\" class=\"elementor-field-label\">\n\t\t\t\t\t\t\t\tName\t\t\t\t\t\t\t<\/label>\n\t\t\t\t\t\t\t\t\t\t\t\t\t\t<input size=\"1\" type=\"text\" name=\"form_fields[name]\" id=\"form-field-name\" class=\"elementor-field elementor-size-sm  elementor-field-textual\" placeholder=\"Enter your name\" required=\"required\">\n\t\t\t\t\t\t\t\t\t\t\t<\/div>\n\t\t\t\t\t\t\t\t<div class=\"elementor-field-type-email elementor-field-group elementor-column elementor-field-group-field_e151712 elementor-col-50 elementor-field-required\">\n\t\t\t\t\t\t\t\t\t\t\t\t<label for=\"form-field-field_e151712\" class=\"elementor-field-label\">\n\t\t\t\t\t\t\t\tE-mail\t\t\t\t\t\t\t<\/label>\n\t\t\t\t\t\t\t\t\t\t\t\t\t\t<input size=\"1\" type=\"email\" name=\"form_fields[field_e151712]\" id=\"form-field-field_e151712\" class=\"elementor-field elementor-size-sm  elementor-field-textual\" placeholder=\"Enter your email address\" required=\"required\">\n\t\t\t\t\t\t\t\t\t\t\t<\/div>\n\t\t\t\t\t\t\t\t<div class=\"elementor-field-type-tel elementor-field-group elementor-column elementor-field-group-tel elementor-col-100 elementor-field-required\">\n\t\t\t\t\t\t\t\t\t\t\t\t<label for=\"form-field-tel\" class=\"elementor-field-label\">\n\t\t\t\t\t\t\t\tTelephone\t\t\t\t\t\t\t<\/label>\n\t\t\t\t\t\t\t\t<input size=\"1\" type=\"tel\" name=\"form_fields[tel]\" id=\"form-field-tel\" class=\"elementor-field elementor-size-sm  elementor-field-textual\" placeholder=\"Enter your phone number\" required=\"required\" pattern=\"[0-9()#&amp;+*-=.]+\" title=\"Only numbers and phone characters (#, -, *, etc) are accepted.\">\n\n\t\t\t\t\t\t<\/div>\n\t\t\t\t\t\t\t\t<div class=\"elementor-field-type-textarea elementor-field-group elementor-column elementor-field-group-message elementor-col-100 elementor-field-required\">\n\t\t\t\t\t\t\t\t\t\t\t\t<label for=\"form-field-message\" class=\"elementor-field-label\">\n\t\t\t\t\t\t\t\tInquiry content\t\t\t\t\t\t\t<\/label>\n\t\t\t\t\t\t<textarea class=\"elementor-field-textual elementor-field  elementor-size-sm\" name=\"form_fields[message]\" id=\"form-field-message\" rows=\"2\" placeholder=\"Enter your message\" required=\"required\"><\/textarea>\t\t\t\t<\/div>\n\t\t\t\t\t\t\t\t<div class=\"elementor-field-type-recaptcha_v3 elementor-field-group elementor-column elementor-field-group-field_6035bdc elementor-col-100 recaptcha_v3-bottomright\">\n\t\t\t\t\t<div class=\"elementor-field\" id=\"form-field-field_6035bdc\"><div class=\"elementor-g-recaptcha\" data-sitekey=\"6LdcPgssAAAAAErguCjFZ5gwRLHXuiBPig0YMd2I\" data-type=\"v3\" data-action=\"Form\" data-badge=\"bottomright\" data-size=\"invisible\"><\/div><\/div>\t\t\t\t<\/div>\n\t\t\t\t\t\t\t\t<div class=\"elementor-field-group elementor-column elementor-field-type-submit elementor-col-40 e-form__buttons\">\n\t\t\t\t\t<button class=\"elementor-button elementor-size-sm\" type=\"submit\">\n\t\t\t\t\t\t<span class=\"elementor-button-content-wrapper\">\n\t\t\t\t\t\t\t\t\t\t\t\t\t\t\t\t\t\t\t\t\t\t<span class=\"elementor-button-text\">Send a message<\/span>\n\t\t\t\t\t\t\t\t\t\t\t\t\t<\/span>\n\t\t\t\t\t<\/button>\n\t\t\t\t<\/div>\n\t\t\t<\/div>\n\t\t<\/form>\n\t\t\t\t\t\t<\/div>\n\t\t\t\t<\/div>\n\t\t\t\t\t<\/div>\n\t\t\t\t<\/div>\n\t\t\t\t<\/div>\n\t\t","protected":false},"excerpt":{"rendered":"<p>Contact CONTACT +372 505 6377 margus.bollverk@mail.ee Address T\u00f6\u00f6koja, Kodasema, 73207 J\u00e4rva county Open Mon-Fri 9-17 Ask for a free consultation! Contact! Our team will help you find the best solution &#8211; fill out the inquiry form below to contact us.<\/p>\n","protected":false},"author":1,"featured_media":0,"parent":0,"menu_order":0,"comment_status":"closed","ping_status":"closed","template":"elementor_header_footer","meta":{"footnotes":""},"class_list":["post-1557","page","type-page","status-publish","hentry"],"yoast_head":"<!-- This site is optimized with the Yoast SEO plugin v26.3 - https:\/\/yoast.com\/wordpress\/plugins\/seo\/ -->\n<title>Bollverk Contact \u2013 Contact Us<\/title>\n<meta name=\"description\" content=\"Contact the Bollverk team. Questions about gearboxes, transmissions or cooperation \u2013 we will find the best solution for your needs.\" \/>\n<meta name=\"robots\" content=\"index, follow, max-snippet:-1, max-image-preview:large, max-video-preview:-1\" \/>\n<link rel=\"canonical\" href=\"https:\/\/bollverk.ee\/en\/contact\/\" \/>\n<meta property=\"og:locale\" content=\"en_US\" \/>\n<meta property=\"og:type\" content=\"article\" \/>\n<meta property=\"og:title\" content=\"Bollverk Contact \u2013 Contact Us\" \/>\n<meta property=\"og:description\" content=\"Contact the Bollverk team. Questions about gearboxes, transmissions or cooperation \u2013 we will find the best solution for your needs.\" \/>\n<meta property=\"og:url\" content=\"https:\/\/bollverk.ee\/en\/contact\/\" \/>\n<meta property=\"og:site_name\" content=\"Bollverk\" \/>\n<meta property=\"article:modified_time\" content=\"2025-11-13T09:54:10+00:00\" \/>\n<meta property=\"og:image\" content=\"https:\/\/bollverk.ee\/wp-content\/uploads\/2025\/07\/Bollverk-logo.svg\" \/>\n<meta name=\"twitter:card\" content=\"summary_large_image\" \/>\n<meta name=\"twitter:label1\" content=\"Est. reading time\" \/>\n\t<meta name=\"twitter:data1\" content=\"1 minute\" \/>\n<script type=\"application\/ld+json\" class=\"yoast-schema-graph\">{\"@context\":\"https:\/\/schema.org\",\"@graph\":[{\"@type\":\"WebPage\",\"@id\":\"https:\/\/bollverk.ee\/en\/contact\/\",\"url\":\"https:\/\/bollverk.ee\/en\/contact\/\",\"name\":\"Bollverk Contact \u2013 Contact Us\",\"isPartOf\":{\"@id\":\"https:\/\/bollverk.ee\/en\/#website\"},\"primaryImageOfPage\":{\"@id\":\"https:\/\/bollverk.ee\/en\/contact\/#primaryimage\"},\"image\":{\"@id\":\"https:\/\/bollverk.ee\/en\/contact\/#primaryimage\"},\"thumbnailUrl\":\"https:\/\/bollverk.ee\/wp-content\/uploads\/2025\/07\/Bollverk-logo.svg\",\"datePublished\":\"2025-07-18T12:24:55+00:00\",\"dateModified\":\"2025-11-13T09:54:10+00:00\",\"description\":\"Contact the Bollverk team. Questions about gearboxes, transmissions or cooperation \u2013 we will find the best solution for your needs.\",\"breadcrumb\":{\"@id\":\"https:\/\/bollverk.ee\/en\/contact\/#breadcrumb\"},\"inLanguage\":\"en-US\",\"potentialAction\":[{\"@type\":\"ReadAction\",\"target\":[\"https:\/\/bollverk.ee\/en\/contact\/\"]}]},{\"@type\":\"ImageObject\",\"inLanguage\":\"en-US\",\"@id\":\"https:\/\/bollverk.ee\/en\/contact\/#primaryimage\",\"url\":\"https:\/\/bollverk.ee\/wp-content\/uploads\/2025\/07\/Bollverk-logo.svg\",\"contentUrl\":\"https:\/\/bollverk.ee\/wp-content\/uploads\/2025\/07\/Bollverk-logo.svg\"},{\"@type\":\"BreadcrumbList\",\"@id\":\"https:\/\/bollverk.ee\/en\/contact\/#breadcrumb\",\"itemListElement\":[{\"@type\":\"ListItem\",\"position\":1,\"name\":\"Home\",\"item\":\"https:\/\/bollverk.ee\/en\/\"},{\"@type\":\"ListItem\",\"position\":2,\"name\":\"Contact\"}]},{\"@type\":\"WebSite\",\"@id\":\"https:\/\/bollverk.ee\/en\/#website\",\"url\":\"https:\/\/bollverk.ee\/en\/\",\"name\":\"Bollverk\",\"description\":\"Ralliauto k\u00e4igukasti sisud ja \u00fclekanded\",\"publisher\":{\"@id\":\"https:\/\/bollverk.ee\/en\/#organization\"},\"potentialAction\":[{\"@type\":\"SearchAction\",\"target\":{\"@type\":\"EntryPoint\",\"urlTemplate\":\"https:\/\/bollverk.ee\/en\/?s={search_term_string}\"},\"query-input\":{\"@type\":\"PropertyValueSpecification\",\"valueRequired\":true,\"valueName\":\"search_term_string\"}}],\"inLanguage\":\"en-US\"},{\"@type\":\"Organization\",\"@id\":\"https:\/\/bollverk.ee\/en\/#organization\",\"name\":\"Bollverk\",\"url\":\"https:\/\/bollverk.ee\/en\/\",\"logo\":{\"@type\":\"ImageObject\",\"inLanguage\":\"en-US\",\"@id\":\"https:\/\/bollverk.ee\/en\/#\/schema\/logo\/image\/\",\"url\":\"https:\/\/bollverk.ee\/wp-content\/uploads\/2025\/10\/Uus-Projekt-35.png\",\"contentUrl\":\"https:\/\/bollverk.ee\/wp-content\/uploads\/2025\/10\/Uus-Projekt-35.png\",\"width\":400,\"height\":400,\"caption\":\"Bollverk\"},\"image\":{\"@id\":\"https:\/\/bollverk.ee\/en\/#\/schema\/logo\/image\/\"}}]}<\/script>\n<!-- \/ Yoast SEO plugin. -->","yoast_head_json":{"title":"Bollverk Contact \u2013 Contact Us","description":"Contact the Bollverk team. Questions about gearboxes, transmissions or cooperation \u2013 we will find the best solution for your needs.","robots":{"index":"index","follow":"follow","max-snippet":"max-snippet:-1","max-image-preview":"max-image-preview:large","max-video-preview":"max-video-preview:-1"},"canonical":"https:\/\/bollverk.ee\/en\/contact\/","og_locale":"en_US","og_type":"article","og_title":"Bollverk Contact \u2013 Contact Us","og_description":"Contact the Bollverk team. Questions about gearboxes, transmissions or cooperation \u2013 we will find the best solution for your needs.","og_url":"https:\/\/bollverk.ee\/en\/contact\/","og_site_name":"Bollverk","article_modified_time":"2025-11-13T09:54:10+00:00","og_image":[{"url":"https:\/\/bollverk.ee\/wp-content\/uploads\/2025\/07\/Bollverk-logo.svg","type":"","width":"","height":""}],"twitter_card":"summary_large_image","twitter_misc":{"Est. reading time":"1 minute"},"schema":{"@context":"https:\/\/schema.org","@graph":[{"@type":"WebPage","@id":"https:\/\/bollverk.ee\/en\/contact\/","url":"https:\/\/bollverk.ee\/en\/contact\/","name":"Bollverk Contact \u2013 Contact Us","isPartOf":{"@id":"https:\/\/bollverk.ee\/en\/#website"},"primaryImageOfPage":{"@id":"https:\/\/bollverk.ee\/en\/contact\/#primaryimage"},"image":{"@id":"https:\/\/bollverk.ee\/en\/contact\/#primaryimage"},"thumbnailUrl":"https:\/\/bollverk.ee\/wp-content\/uploads\/2025\/07\/Bollverk-logo.svg","datePublished":"2025-07-18T12:24:55+00:00","dateModified":"2025-11-13T09:54:10+00:00","description":"Contact the Bollverk team. Questions about gearboxes, transmissions or cooperation \u2013 we will find the best solution for your needs.","breadcrumb":{"@id":"https:\/\/bollverk.ee\/en\/contact\/#breadcrumb"},"inLanguage":"en-US","potentialAction":[{"@type":"ReadAction","target":["https:\/\/bollverk.ee\/en\/contact\/"]}]},{"@type":"ImageObject","inLanguage":"en-US","@id":"https:\/\/bollverk.ee\/en\/contact\/#primaryimage","url":"https:\/\/bollverk.ee\/wp-content\/uploads\/2025\/07\/Bollverk-logo.svg","contentUrl":"https:\/\/bollverk.ee\/wp-content\/uploads\/2025\/07\/Bollverk-logo.svg"},{"@type":"BreadcrumbList","@id":"https:\/\/bollverk.ee\/en\/contact\/#breadcrumb","itemListElement":[{"@type":"ListItem","position":1,"name":"Home","item":"https:\/\/bollverk.ee\/en\/"},{"@type":"ListItem","position":2,"name":"Contact"}]},{"@type":"WebSite","@id":"https:\/\/bollverk.ee\/en\/#website","url":"https:\/\/bollverk.ee\/en\/","name":"Bollverk","description":"Ralliauto k\u00e4igukasti sisud ja \u00fclekanded","publisher":{"@id":"https:\/\/bollverk.ee\/en\/#organization"},"potentialAction":[{"@type":"SearchAction","target":{"@type":"EntryPoint","urlTemplate":"https:\/\/bollverk.ee\/en\/?s={search_term_string}"},"query-input":{"@type":"PropertyValueSpecification","valueRequired":true,"valueName":"search_term_string"}}],"inLanguage":"en-US"},{"@type":"Organization","@id":"https:\/\/bollverk.ee\/en\/#organization","name":"Bollverk","url":"https:\/\/bollverk.ee\/en\/","logo":{"@type":"ImageObject","inLanguage":"en-US","@id":"https:\/\/bollverk.ee\/en\/#\/schema\/logo\/image\/","url":"https:\/\/bollverk.ee\/wp-content\/uploads\/2025\/10\/Uus-Projekt-35.png","contentUrl":"https:\/\/bollverk.ee\/wp-content\/uploads\/2025\/10\/Uus-Projekt-35.png","width":400,"height":400,"caption":"Bollverk"},"image":{"@id":"https:\/\/bollverk.ee\/en\/#\/schema\/logo\/image\/"}}]}},"_links":{"self":[{"href":"https:\/\/bollverk.ee\/en\/wp-json\/wp\/v2\/pages\/1557","targetHints":{"allow":["GET"]}}],"collection":[{"href":"https:\/\/bollverk.ee\/en\/wp-json\/wp\/v2\/pages"}],"about":[{"href":"https:\/\/bollverk.ee\/en\/wp-json\/wp\/v2\/types\/page"}],"author":[{"embeddable":true,"href":"https:\/\/bollverk.ee\/en\/wp-json\/wp\/v2\/users\/1"}],"replies":[{"embeddable":true,"href":"https:\/\/bollverk.ee\/en\/wp-json\/wp\/v2\/comments?post=1557"}],"version-history":[{"count":5,"href":"https:\/\/bollverk.ee\/en\/wp-json\/wp\/v2\/pages\/1557\/revisions"}],"predecessor-version":[{"id":1859,"href":"https:\/\/bollverk.ee\/en\/wp-json\/wp\/v2\/pages\/1557\/revisions\/1859"}],"wp:attachment":[{"href":"https:\/\/bollverk.ee\/en\/wp-json\/wp\/v2\/media?parent=1557"}],"curies":[{"name":"wp","href":"https:\/\/api.w.org\/{rel}","templated":true}]}}