{"id":1559,"date":"2025-07-11T13:20:20","date_gmt":"2025-07-11T10:20:20","guid":{"rendered":"https:\/\/bollverk.ee\/making-gears\/"},"modified":"2025-11-13T11:46:59","modified_gmt":"2025-11-13T09:46:59","slug":"making-gears","status":"publish","type":"page","link":"https:\/\/www.bollverk.ee\/en\/services\/making-gears\/","title":{"rendered":"Making gears"},"content":{"rendered":"\t\t<div data-elementor-type=\"wp-page\" data-elementor-id=\"1559\" class=\"elementor elementor-1559 elementor-463\" data-elementor-post-type=\"page\">\n\t\t\t\t<div class=\"elementor-element elementor-element-4ec0310 e-flex e-con-boxed e-con e-parent\" data-id=\"4ec0310\" data-element_type=\"container\" data-settings=\"{&quot;background_background&quot;:&quot;classic&quot;}\">\n\t\t\t\t\t<div class=\"e-con-inner\">\n\t\t\t\t<div class=\"elementor-element elementor-element-449e299 elementor-widget elementor-widget-breadcrumbs\" data-id=\"449e299\" data-element_type=\"widget\" data-widget_type=\"breadcrumbs.default\">\n\t\t\t\t\t<p id=\"breadcrumbs\"><span><span><a href=\"https:\/\/bollverk.ee\/en\/\">Home<\/a><\/span><\/span><\/p>\t\t\t\t<\/div>\n\t\t\t\t<div class=\"elementor-element elementor-element-70b5364c elementor-widget elementor-widget-heading\" data-id=\"70b5364c\" data-element_type=\"widget\" data-widget_type=\"heading.default\">\n\t\t\t\t\t<h1 class=\"elementor-heading-title elementor-size-default\">Making gears<\/h1>\t\t\t\t<\/div>\n\t\t\t\t\t<\/div>\n\t\t\t\t<\/div>\n\t\t<div class=\"elementor-element elementor-element-682b3649 e-flex e-con-boxed e-con e-parent\" data-id=\"682b3649\" data-element_type=\"container\">\n\t\t\t\t\t<div class=\"e-con-inner\">\n\t\t<div class=\"elementor-element elementor-element-4c2ae12e e-con-full e-flex e-con e-child\" data-id=\"4c2ae12e\" data-element_type=\"container\">\n\t\t\t\t<div class=\"elementor-element elementor-element-3e8f5d7c e-transform elementor-widget elementor-widget-image\" data-id=\"3e8f5d7c\" data-element_type=\"widget\" data-settings=\"{&quot;_transform_flipX_effect&quot;:&quot;transform&quot;}\" data-widget_type=\"image.default\">\n\t\t\t\t\t\t\t\t\t\t\t\t\t\t\t<img fetchpriority=\"high\" decoding=\"async\" width=\"2560\" height=\"1811\" src=\"https:\/\/bollverk.ee\/wp-content\/uploads\/2025\/07\/honda_type_r_gearbox_transparent-scaled.png\" class=\"attachment-full size-full wp-image-1476\" alt=\"\" srcset=\"https:\/\/bollverk.ee\/wp-content\/uploads\/2025\/07\/honda_type_r_gearbox_transparent-scaled.png 2560w, https:\/\/bollverk.ee\/wp-content\/uploads\/2025\/07\/honda_type_r_gearbox_transparent-scaled-600x424.png 600w, https:\/\/bollverk.ee\/wp-content\/uploads\/2025\/07\/honda_type_r_gearbox_transparent-300x212.png 300w, https:\/\/bollverk.ee\/wp-content\/uploads\/2025\/07\/honda_type_r_gearbox_transparent-1024x724.png 1024w, https:\/\/bollverk.ee\/wp-content\/uploads\/2025\/07\/honda_type_r_gearbox_transparent-768x543.png 768w, https:\/\/bollverk.ee\/wp-content\/uploads\/2025\/07\/honda_type_r_gearbox_transparent-1536x1086.png 1536w, https:\/\/bollverk.ee\/wp-content\/uploads\/2025\/07\/honda_type_r_gearbox_transparent-2048x1448.png 2048w\" sizes=\"(max-width: 2560px) 100vw, 2560px\" \/>\t\t\t\t\t\t\t\t\t\t\t\t\t\t\t<\/div>\n\t\t\t\t<div class=\"elementor-element elementor-element-1ab444c3 elementor-widget elementor-widget-text-editor\" data-id=\"1ab444c3\" data-element_type=\"widget\" data-widget_type=\"text-editor.default\">\n\t\t\t\t\t\t\t\t\t<div class=\"elementor-element elementor-element-6915e15b elementor-align-left elementor-widget__width-inherit elementor-icon-list--layout-traditional elementor-list-item-link-full_width elementor-widget elementor-widget-icon-list\" data-id=\"6915e15b\" data-element_type=\"widget\" data-widget_type=\"icon-list.default\"><ul class=\"elementor-icon-list-items\"><li class=\"elementor-icon-list-item\"><span class=\"elementor-icon-list-text\">Precise production ensures reliability.<\/span><\/li><li class=\"elementor-icon-list-item\"><span class=\"elementor-icon-list-text\">We only use durable materials.<\/span><\/li><li class=\"elementor-icon-list-item\"><span class=\"elementor-icon-list-text\">Modern technology ensures quality.<\/span><\/li><\/ul><\/div><div class=\"elementor-element elementor-element-481da9a2 elementor-align-left elementor-widget__width-inherit elementor-icon-list--layout-traditional elementor-list-item-link-full_width elementor-widget elementor-widget-icon-list\" data-id=\"481da9a2\" data-element_type=\"widget\" data-widget_type=\"icon-list.default\"><ul class=\"elementor-icon-list-items\"><li class=\"elementor-icon-list-item\"><span class=\"elementor-icon-list-text\">Gears are suitable for different fields.<\/span><\/li><li class=\"elementor-icon-list-item\"><span class=\"elementor-icon-list-text\">Solutions according to your needs.<\/span><\/li><\/ul><\/div>\t\t\t\t\t\t\t\t<\/div>\n\t\t\t\t<\/div>\n\t\t<div class=\"elementor-element elementor-element-ceb462e e-con-full e-grid e-con e-child\" data-id=\"ceb462e\" data-element_type=\"container\">\n\t\t<div class=\"elementor-element elementor-element-55f1d4d e-con-full e-flex e-con e-child\" data-id=\"55f1d4d\" data-element_type=\"container\" data-settings=\"{&quot;background_background&quot;:&quot;classic&quot;}\">\n\t\t\t\t<div class=\"elementor-element elementor-element-1ec367a elementor-widget elementor-widget-heading\" data-id=\"1ec367a\" data-element_type=\"widget\" data-widget_type=\"heading.default\">\n\t\t\t\t\t<span class=\"elementor-heading-title elementor-size-default\">Request service<\/span>\t\t\t\t<\/div>\n\t\t\t\t<div class=\"elementor-element elementor-element-4b25bf4 elementor-widget elementor-widget-text-editor\" data-id=\"4b25bf4\" data-element_type=\"widget\" data-widget_type=\"text-editor.default\">\n\t\t\t\t\t\t\t\t\t<p>If you want to know more about this service, ask us about it.<\/p>\t\t\t\t\t\t\t\t<\/div>\n\t\t\t\t<div class=\"elementor-element elementor-element-67f4406 elementor-animation-grow elementor-widget__width-inherit elementor-widget-mobile__width-inherit elementor-invisible elementor-widget elementor-widget-mdp-buttoner-elementor\" data-id=\"67f4406\" data-element_type=\"widget\" data-settings=\"{&quot;_animation&quot;:&quot;fadeInUp&quot;}\" data-widget_type=\"mdp-buttoner-elementor.default\">\n\t\t\t\t<div class=\"elementor-widget-container\">\n\t\t\t\t\t        <style>\n            .mdp-buttoner-container-67f4406 .mdp-buttoner-link { cursor: pointer; }         <\/style>\n                <!-- Start Buttoner for Elementor WordPress Plugin -->\n        <div class=\"mdp-buttoner-container mdp-buttoner-container-67f4406\">\n            <a id=\"\"\n               href=\"https:\/\/www.bollverk.ee\/kontakt\/\"\n               class=\"mdp-buttoner-link elementor-animation-grow\"\n\t\t\t\t\t\t\t\t            >\n\n\t\t        <span >\n\n\t\t\t        \n                    <span class=\"mdp-buttoner-text\">Kontakt<\/span>\n\n                    \n\t\t        <\/span>\n\n            <\/a>\n        <\/div>\n        <!-- End Buttoner for Elementor WordPress Plugin -->\n\t\t\t\t\t\t<\/div>\n\t\t\t\t<\/div>\n\t\t\t\t<\/div>\n\t\t<div class=\"elementor-element elementor-element-f8f3fba e-con-full e-flex e-con e-child\" data-id=\"f8f3fba\" data-element_type=\"container\" data-settings=\"{&quot;background_background&quot;:&quot;classic&quot;}\">\n\t\t<div class=\"elementor-element elementor-element-632a37f e-con-full e-flex e-con e-child\" data-id=\"632a37f\" data-element_type=\"container\" data-settings=\"{&quot;background_background&quot;:&quot;classic&quot;}\">\n\t\t\t\t<div class=\"elementor-element elementor-element-0f8bbf2 elementor-widget elementor-widget-heading\" data-id=\"0f8bbf2\" data-element_type=\"widget\" data-widget_type=\"heading.default\">\n\t\t\t\t\t<span class=\"elementor-heading-title elementor-size-default\">CONTACT<\/span>\t\t\t\t<\/div>\n\t\t\t\t<div class=\"elementor-element elementor-element-2526949 elementor-widget elementor-widget-text-editor\" data-id=\"2526949\" data-element_type=\"widget\" data-widget_type=\"text-editor.default\">\n\t\t\t\t\t\t\t\t\t<p><a href=\"tel:5056377\">505 6377<\/a><\/p>\t\t\t\t\t\t\t\t<\/div>\n\t\t\t\t<div class=\"elementor-element elementor-element-d00281f elementor-widget elementor-widget-text-editor\" data-id=\"d00281f\" data-element_type=\"widget\" data-widget_type=\"text-editor.default\">\n\t\t\t\t\t\t\t\t\t<p><a href=\"mailto:margus.bollverk@mail.ee\">margus.bollverk@mail.ee<\/a><\/p>\t\t\t\t\t\t\t\t<\/div>\n\t\t\t\t<\/div>\n\t\t\t\t<\/div>\n\t\t<div class=\"elementor-element elementor-element-86781ae e-con-full e-flex e-con e-child\" data-id=\"86781ae\" data-element_type=\"container\" data-settings=\"{&quot;background_background&quot;:&quot;classic&quot;}\">\n\t\t<div class=\"elementor-element elementor-element-004dfaa e-con-full e-flex e-con e-child\" data-id=\"004dfaa\" data-element_type=\"container\" data-settings=\"{&quot;background_background&quot;:&quot;classic&quot;}\">\n\t\t\t\t<div class=\"elementor-element elementor-element-44a4f78 elementor-widget elementor-widget-heading\" data-id=\"44a4f78\" data-element_type=\"widget\" data-widget_type=\"heading.default\">\n\t\t\t\t\t<span class=\"elementor-heading-title elementor-size-default\">Address<\/span>\t\t\t\t<\/div>\n\t\t\t\t<div class=\"elementor-element elementor-element-3faa3cf elementor-widget elementor-widget-text-editor\" data-id=\"3faa3cf\" data-element_type=\"widget\" data-widget_type=\"text-editor.default\">\n\t\t\t\t\t\t\t\t\t<p>T\u00f6\u00f6koja, Kodasema, 73207 J\u00e4rva county<\/p>\t\t\t\t\t\t\t\t<\/div>\n\t\t\t\t<\/div>\n\t\t\t\t<\/div>\n\t\t\t\t<\/div>\n\t\t\t\t\t<\/div>\n\t\t\t\t<\/div>\n\t\t<div class=\"elementor-element elementor-element-ff5effb e-flex e-con-boxed e-con e-parent\" data-id=\"ff5effb\" data-element_type=\"container\">\n\t\t\t\t\t<div class=\"e-con-inner\">\n\t\t<div class=\"elementor-element elementor-element-c494a55 e-con-full e-flex e-con e-child\" data-id=\"c494a55\" data-element_type=\"container\">\n\t\t\t\t<div class=\"elementor-element elementor-element-f190dd9 elementor-widget elementor-widget-heading\" data-id=\"f190dd9\" data-element_type=\"widget\" data-widget_type=\"heading.default\">\n\t\t\t\t\t<h2 class=\"elementor-heading-title elementor-size-default\">Contact form<\/h2>\t\t\t\t<\/div>\n\t\t\t\t<div class=\"elementor-element elementor-element-de5c17d elementor-widget__width-auto elementor-absolute elementor-invisible elementor-widget elementor-widget-heading\" data-id=\"de5c17d\" data-element_type=\"widget\" data-settings=\"{&quot;_position&quot;:&quot;absolute&quot;,&quot;_animation&quot;:&quot;fadeInDown&quot;}\" data-widget_type=\"heading.default\">\n\t\t\t\t\t<h2 class=\"elementor-heading-title elementor-size-default\">Contact us<\/h2>\t\t\t\t<\/div>\n\t\t\t\t<div class=\"elementor-element elementor-element-64ae149 elementor-button-align-start elementor-mobile-button-align-stretch elementor-widget elementor-widget-form\" data-id=\"64ae149\" data-element_type=\"widget\" data-settings=\"{&quot;step_next_label&quot;:&quot;Next&quot;,&quot;step_previous_label&quot;:&quot;Previous&quot;,&quot;button_width&quot;:&quot;40&quot;,&quot;step_type&quot;:&quot;number_text&quot;,&quot;step_icon_shape&quot;:&quot;circle&quot;}\" data-widget_type=\"form.default\">\n\t\t\t\t\t\t\t<form class=\"elementor-form\" method=\"post\" name=\"New Form\" aria-label=\"New Form\">\n\t\t\t<input type=\"hidden\" name=\"post_id\" value=\"1559\"\/>\n\t\t\t<input type=\"hidden\" name=\"form_id\" value=\"64ae149\"\/>\n\t\t\t<input type=\"hidden\" name=\"referer_title\" value=\"Bollverk\" \/>\n\n\t\t\t\n\t\t\t<div class=\"elementor-form-fields-wrapper elementor-labels-above\">\n\t\t\t\t\t\t\t\t<div class=\"elementor-field-type-text elementor-field-group elementor-column elementor-field-group-name elementor-col-50 elementor-field-required\">\n\t\t\t\t\t\t\t\t\t\t\t\t<label for=\"form-field-name\" class=\"elementor-field-label\">\n\t\t\t\t\t\t\t\tName\t\t\t\t\t\t\t<\/label>\n\t\t\t\t\t\t\t\t\t\t\t\t\t\t<input size=\"1\" type=\"text\" name=\"form_fields[name]\" id=\"form-field-name\" class=\"elementor-field elementor-size-sm  elementor-field-textual\" placeholder=\"Enter your name\" required=\"required\">\n\t\t\t\t\t\t\t\t\t\t\t<\/div>\n\t\t\t\t\t\t\t\t<div class=\"elementor-field-type-tel elementor-field-group elementor-column elementor-field-group-tel elementor-col-50 elementor-field-required\">\n\t\t\t\t\t\t\t\t\t\t\t\t<label for=\"form-field-tel\" class=\"elementor-field-label\">\n\t\t\t\t\t\t\t\tTelephone\t\t\t\t\t\t\t<\/label>\n\t\t\t\t\t\t\t\t<input size=\"1\" type=\"tel\" name=\"form_fields[tel]\" id=\"form-field-tel\" class=\"elementor-field elementor-size-sm  elementor-field-textual\" placeholder=\"Enter your phone\" required=\"required\" pattern=\"[0-9()#&amp;+*-=.]+\" title=\"Only numbers and phone characters (#, -, *, etc) are accepted.\">\n\n\t\t\t\t\t\t<\/div>\n\t\t\t\t\t\t\t\t<div class=\"elementor-field-type-email elementor-field-group elementor-column elementor-field-group-field_7784ec5 elementor-col-100 elementor-field-required\">\n\t\t\t\t\t\t\t\t\t\t\t\t<label for=\"form-field-field_7784ec5\" class=\"elementor-field-label\">\n\t\t\t\t\t\t\t\tE-mail\t\t\t\t\t\t\t<\/label>\n\t\t\t\t\t\t\t\t\t\t\t\t\t\t<input size=\"1\" type=\"email\" name=\"form_fields[field_7784ec5]\" id=\"form-field-field_7784ec5\" class=\"elementor-field elementor-size-sm  elementor-field-textual\" placeholder=\"Enter your email\" required=\"required\">\n\t\t\t\t\t\t\t\t\t\t\t<\/div>\n\t\t\t\t\t\t\t\t<div class=\"elementor-field-type-textarea elementor-field-group elementor-column elementor-field-group-message elementor-col-100\">\n\t\t\t\t\t\t\t\t\t\t\t\t<label for=\"form-field-message\" class=\"elementor-field-label\">\n\t\t\t\t\t\t\t\tMessage\t\t\t\t\t\t\t<\/label>\n\t\t\t\t\t\t<textarea class=\"elementor-field-textual elementor-field  elementor-size-sm\" name=\"form_fields[message]\" id=\"form-field-message\" rows=\"2\" placeholder=\"Enter your message\"><\/textarea>\t\t\t\t<\/div>\n\t\t\t\t\t\t\t\t<div class=\"elementor-field-type-hidden elementor-field-group elementor-column elementor-field-group-field_ba131f9 elementor-col-100\">\n\t\t\t\t\t\t\t\t\t\t\t\t\t<input size=\"1\" type=\"hidden\" name=\"form_fields[field_ba131f9]\" id=\"form-field-field_ba131f9\" class=\"elementor-field elementor-size-sm  elementor-field-textual\" value=\"Making gears\">\n\t\t\t\t\t\t\t\t\t\t\t<\/div>\n\t\t\t\t\t\t\t\t<div class=\"elementor-field-type-recaptcha_v3 elementor-field-group elementor-column elementor-field-group-field_aa9060a elementor-col-100 recaptcha_v3-bottomright\">\n\t\t\t\t\t<div class=\"elementor-field\" id=\"form-field-field_aa9060a\"><div class=\"elementor-g-recaptcha\" data-sitekey=\"6LdcPgssAAAAAErguCjFZ5gwRLHXuiBPig0YMd2I\" data-type=\"v3\" data-action=\"Form\" data-badge=\"bottomright\" data-size=\"invisible\"><\/div><\/div>\t\t\t\t<\/div>\n\t\t\t\t\t\t\t\t<div class=\"elementor-field-group elementor-column elementor-field-type-submit elementor-col-40 e-form__buttons\">\n\t\t\t\t\t<button class=\"elementor-button elementor-size-sm\" type=\"submit\">\n\t\t\t\t\t\t<span class=\"elementor-button-content-wrapper\">\n\t\t\t\t\t\t\t\t\t\t\t\t\t\t\t\t\t\t\t\t\t\t<span class=\"elementor-button-text\">Send<\/span>\n\t\t\t\t\t\t\t\t\t\t\t\t\t<\/span>\n\t\t\t\t\t<\/button>\n\t\t\t\t<\/div>\n\t\t\t<\/div>\n\t\t<\/form>\n\t\t\t\t\t\t<\/div>\n\t\t\t\t<\/div>\n\t\t\t\t\t<\/div>\n\t\t\t\t<\/div>\n\t\t\t\t<\/div>\n\t\t","protected":false},"excerpt":{"rendered":"<p>Precise production ensures reliability. We only use durable materials. Modern technology ensures quality. Gears are suitable for different fields. Solutions according to your needs. Request service If you want to know more about this service, ask us about it. Kontakt CONTACT 505 6377 margus.bollverk@mail.ee Address T\u00f6\u00f6koja, Kodasema, 73207 J\u00e4rva county Contact form Contact us<\/p>\n","protected":false},"author":1,"featured_media":0,"parent":1567,"menu_order":0,"comment_status":"closed","ping_status":"closed","template":"elementor_header_footer","meta":{"footnotes":""},"class_list":["post-1559","page","type-page","status-publish","hentry"],"yoast_head":"<!-- This site is optimized with the Yoast SEO plugin v26.3 - https:\/\/yoast.com\/wordpress\/plugins\/seo\/ -->\n<title>Bollverk Gear Making \u2013 Precision and Reliability<\/title>\n<meta name=\"description\" content=\"Precise manufacturing and durable materials. The manufacture of Bollverk gears ensures quality and is suitable for different industries according to needs.\" \/>\n<meta name=\"robots\" content=\"index, follow, max-snippet:-1, max-image-preview:large, max-video-preview:-1\" \/>\n<link rel=\"canonical\" href=\"https:\/\/www.bollverk.ee\/en\/services\/making-gears\/\" \/>\n<meta property=\"og:locale\" content=\"en_US\" \/>\n<meta property=\"og:type\" content=\"article\" \/>\n<meta property=\"og:title\" content=\"Bollverk Gear Making \u2013 Precision and Reliability\" \/>\n<meta property=\"og:description\" content=\"Precise manufacturing and durable materials. The manufacture of Bollverk gears ensures quality and is suitable for different industries according to needs.\" \/>\n<meta property=\"og:url\" content=\"https:\/\/www.bollverk.ee\/en\/services\/making-gears\/\" \/>\n<meta property=\"og:site_name\" content=\"Bollverk\" \/>\n<meta property=\"article:modified_time\" content=\"2025-11-13T09:46:59+00:00\" \/>\n<meta property=\"og:image\" content=\"https:\/\/bollverk.ee\/wp-content\/uploads\/2025\/07\/honda_type_r_gearbox_transparent-scaled.png\" \/>\n<meta name=\"twitter:card\" content=\"summary_large_image\" \/>\n<meta name=\"twitter:label1\" content=\"Est. reading time\" \/>\n\t<meta name=\"twitter:data1\" content=\"1 minute\" \/>\n<script type=\"application\/ld+json\" class=\"yoast-schema-graph\">{\"@context\":\"https:\/\/schema.org\",\"@graph\":[{\"@type\":\"WebPage\",\"@id\":\"https:\/\/www.bollverk.ee\/en\/services\/making-gears\/\",\"url\":\"https:\/\/www.bollverk.ee\/en\/services\/making-gears\/\",\"name\":\"Bollverk Gear Making \u2013 Precision and Reliability\",\"isPartOf\":{\"@id\":\"https:\/\/bollverk.ee\/en\/#website\"},\"primaryImageOfPage\":{\"@id\":\"https:\/\/www.bollverk.ee\/en\/services\/making-gears\/#primaryimage\"},\"image\":{\"@id\":\"https:\/\/www.bollverk.ee\/en\/services\/making-gears\/#primaryimage\"},\"thumbnailUrl\":\"https:\/\/bollverk.ee\/wp-content\/uploads\/2025\/07\/honda_type_r_gearbox_transparent-scaled.png\",\"datePublished\":\"2025-07-11T10:20:20+00:00\",\"dateModified\":\"2025-11-13T09:46:59+00:00\",\"description\":\"Precise manufacturing and durable materials. The manufacture of Bollverk gears ensures quality and is suitable for different industries according to needs.\",\"breadcrumb\":{\"@id\":\"https:\/\/www.bollverk.ee\/en\/services\/making-gears\/#breadcrumb\"},\"inLanguage\":\"en-US\",\"potentialAction\":[{\"@type\":\"ReadAction\",\"target\":[\"https:\/\/www.bollverk.ee\/en\/services\/making-gears\/\"]}]},{\"@type\":\"ImageObject\",\"inLanguage\":\"en-US\",\"@id\":\"https:\/\/www.bollverk.ee\/en\/services\/making-gears\/#primaryimage\",\"url\":\"https:\/\/bollverk.ee\/wp-content\/uploads\/2025\/07\/honda_type_r_gearbox_transparent-scaled.png\",\"contentUrl\":\"https:\/\/bollverk.ee\/wp-content\/uploads\/2025\/07\/honda_type_r_gearbox_transparent-scaled.png\"},{\"@type\":\"BreadcrumbList\",\"@id\":\"https:\/\/www.bollverk.ee\/en\/services\/making-gears\/#breadcrumb\",\"itemListElement\":[{\"@type\":\"ListItem\",\"position\":1,\"name\":\"Home\",\"item\":\"https:\/\/bollverk.ee\/en\/\"},{\"@type\":\"ListItem\",\"position\":2,\"name\":\"Services\",\"item\":\"https:\/\/bollverk.ee\/en\/services\/\"},{\"@type\":\"ListItem\",\"position\":3,\"name\":\"Making gears\"}]},{\"@type\":\"WebSite\",\"@id\":\"https:\/\/bollverk.ee\/en\/#website\",\"url\":\"https:\/\/bollverk.ee\/en\/\",\"name\":\"Bollverk\",\"description\":\"Ralliauto k\u00e4igukasti sisud ja \u00fclekanded\",\"publisher\":{\"@id\":\"https:\/\/bollverk.ee\/en\/#organization\"},\"potentialAction\":[{\"@type\":\"SearchAction\",\"target\":{\"@type\":\"EntryPoint\",\"urlTemplate\":\"https:\/\/bollverk.ee\/en\/?s={search_term_string}\"},\"query-input\":{\"@type\":\"PropertyValueSpecification\",\"valueRequired\":true,\"valueName\":\"search_term_string\"}}],\"inLanguage\":\"en-US\"},{\"@type\":\"Organization\",\"@id\":\"https:\/\/bollverk.ee\/en\/#organization\",\"name\":\"Bollverk\",\"url\":\"https:\/\/bollverk.ee\/en\/\",\"logo\":{\"@type\":\"ImageObject\",\"inLanguage\":\"en-US\",\"@id\":\"https:\/\/bollverk.ee\/en\/#\/schema\/logo\/image\/\",\"url\":\"https:\/\/bollverk.ee\/wp-content\/uploads\/2025\/10\/Uus-Projekt-35.png\",\"contentUrl\":\"https:\/\/bollverk.ee\/wp-content\/uploads\/2025\/10\/Uus-Projekt-35.png\",\"width\":400,\"height\":400,\"caption\":\"Bollverk\"},\"image\":{\"@id\":\"https:\/\/bollverk.ee\/en\/#\/schema\/logo\/image\/\"}}]}<\/script>\n<!-- \/ Yoast SEO plugin. -->","yoast_head_json":{"title":"Bollverk Gear Making \u2013 Precision and Reliability","description":"Precise manufacturing and durable materials. The manufacture of Bollverk gears ensures quality and is suitable for different industries according to needs.","robots":{"index":"index","follow":"follow","max-snippet":"max-snippet:-1","max-image-preview":"max-image-preview:large","max-video-preview":"max-video-preview:-1"},"canonical":"https:\/\/www.bollverk.ee\/en\/services\/making-gears\/","og_locale":"en_US","og_type":"article","og_title":"Bollverk Gear Making \u2013 Precision and Reliability","og_description":"Precise manufacturing and durable materials. The manufacture of Bollverk gears ensures quality and is suitable for different industries according to needs.","og_url":"https:\/\/www.bollverk.ee\/en\/services\/making-gears\/","og_site_name":"Bollverk","article_modified_time":"2025-11-13T09:46:59+00:00","og_image":[{"url":"https:\/\/bollverk.ee\/wp-content\/uploads\/2025\/07\/honda_type_r_gearbox_transparent-scaled.png","type":"","width":"","height":""}],"twitter_card":"summary_large_image","twitter_misc":{"Est. reading time":"1 minute"},"schema":{"@context":"https:\/\/schema.org","@graph":[{"@type":"WebPage","@id":"https:\/\/www.bollverk.ee\/en\/services\/making-gears\/","url":"https:\/\/www.bollverk.ee\/en\/services\/making-gears\/","name":"Bollverk Gear Making \u2013 Precision and Reliability","isPartOf":{"@id":"https:\/\/bollverk.ee\/en\/#website"},"primaryImageOfPage":{"@id":"https:\/\/www.bollverk.ee\/en\/services\/making-gears\/#primaryimage"},"image":{"@id":"https:\/\/www.bollverk.ee\/en\/services\/making-gears\/#primaryimage"},"thumbnailUrl":"https:\/\/bollverk.ee\/wp-content\/uploads\/2025\/07\/honda_type_r_gearbox_transparent-scaled.png","datePublished":"2025-07-11T10:20:20+00:00","dateModified":"2025-11-13T09:46:59+00:00","description":"Precise manufacturing and durable materials. The manufacture of Bollverk gears ensures quality and is suitable for different industries according to needs.","breadcrumb":{"@id":"https:\/\/www.bollverk.ee\/en\/services\/making-gears\/#breadcrumb"},"inLanguage":"en-US","potentialAction":[{"@type":"ReadAction","target":["https:\/\/www.bollverk.ee\/en\/services\/making-gears\/"]}]},{"@type":"ImageObject","inLanguage":"en-US","@id":"https:\/\/www.bollverk.ee\/en\/services\/making-gears\/#primaryimage","url":"https:\/\/bollverk.ee\/wp-content\/uploads\/2025\/07\/honda_type_r_gearbox_transparent-scaled.png","contentUrl":"https:\/\/bollverk.ee\/wp-content\/uploads\/2025\/07\/honda_type_r_gearbox_transparent-scaled.png"},{"@type":"BreadcrumbList","@id":"https:\/\/www.bollverk.ee\/en\/services\/making-gears\/#breadcrumb","itemListElement":[{"@type":"ListItem","position":1,"name":"Home","item":"https:\/\/bollverk.ee\/en\/"},{"@type":"ListItem","position":2,"name":"Services","item":"https:\/\/bollverk.ee\/en\/services\/"},{"@type":"ListItem","position":3,"name":"Making gears"}]},{"@type":"WebSite","@id":"https:\/\/bollverk.ee\/en\/#website","url":"https:\/\/bollverk.ee\/en\/","name":"Bollverk","description":"Ralliauto k\u00e4igukasti sisud ja \u00fclekanded","publisher":{"@id":"https:\/\/bollverk.ee\/en\/#organization"},"potentialAction":[{"@type":"SearchAction","target":{"@type":"EntryPoint","urlTemplate":"https:\/\/bollverk.ee\/en\/?s={search_term_string}"},"query-input":{"@type":"PropertyValueSpecification","valueRequired":true,"valueName":"search_term_string"}}],"inLanguage":"en-US"},{"@type":"Organization","@id":"https:\/\/bollverk.ee\/en\/#organization","name":"Bollverk","url":"https:\/\/bollverk.ee\/en\/","logo":{"@type":"ImageObject","inLanguage":"en-US","@id":"https:\/\/bollverk.ee\/en\/#\/schema\/logo\/image\/","url":"https:\/\/bollverk.ee\/wp-content\/uploads\/2025\/10\/Uus-Projekt-35.png","contentUrl":"https:\/\/bollverk.ee\/wp-content\/uploads\/2025\/10\/Uus-Projekt-35.png","width":400,"height":400,"caption":"Bollverk"},"image":{"@id":"https:\/\/bollverk.ee\/en\/#\/schema\/logo\/image\/"}}]}},"_links":{"self":[{"href":"https:\/\/www.bollverk.ee\/en\/wp-json\/wp\/v2\/pages\/1559","targetHints":{"allow":["GET"]}}],"collection":[{"href":"https:\/\/www.bollverk.ee\/en\/wp-json\/wp\/v2\/pages"}],"about":[{"href":"https:\/\/www.bollverk.ee\/en\/wp-json\/wp\/v2\/types\/page"}],"author":[{"embeddable":true,"href":"https:\/\/www.bollverk.ee\/en\/wp-json\/wp\/v2\/users\/1"}],"replies":[{"embeddable":true,"href":"https:\/\/www.bollverk.ee\/en\/wp-json\/wp\/v2\/comments?post=1559"}],"version-history":[{"count":5,"href":"https:\/\/www.bollverk.ee\/en\/wp-json\/wp\/v2\/pages\/1559\/revisions"}],"predecessor-version":[{"id":1840,"href":"https:\/\/www.bollverk.ee\/en\/wp-json\/wp\/v2\/pages\/1559\/revisions\/1840"}],"up":[{"embeddable":true,"href":"https:\/\/www.bollverk.ee\/en\/wp-json\/wp\/v2\/pages\/1567"}],"wp:attachment":[{"href":"https:\/\/www.bollverk.ee\/en\/wp-json\/wp\/v2\/media?parent=1559"}],"curies":[{"name":"wp","href":"https:\/\/api.w.org\/{rel}","templated":true}]}}