{"id":1564,"date":"2025-07-11T13:22:38","date_gmt":"2025-07-11T10:22:38","guid":{"rendered":"https:\/\/bollverk.ee\/tooth-thrust\/"},"modified":"2025-10-30T16:14:51","modified_gmt":"2025-10-30T14:14:51","slug":"tooth-thrust","status":"publish","type":"page","link":"https:\/\/bollverk.ee\/en\/services\/tooth-thrust\/","title":{"rendered":"Tooth thrust"},"content":{"rendered":"\t\t<div data-elementor-type=\"wp-page\" data-elementor-id=\"1564\" class=\"elementor elementor-1564 elementor-466\" data-elementor-post-type=\"page\">\n\t\t\t\t<div class=\"elementor-element elementor-element-4ec0310 e-flex e-con-boxed e-con e-parent\" data-id=\"4ec0310\" data-element_type=\"container\" data-settings=\"{&quot;background_background&quot;:&quot;classic&quot;}\">\n\t\t\t\t\t<div class=\"e-con-inner\">\n\t\t\t\t<div class=\"elementor-element elementor-element-1c7538f elementor-widget elementor-widget-mdp-crumber-elementor\" data-id=\"1c7538f\" data-element_type=\"widget\" data-widget_type=\"mdp-crumber-elementor.default\">\n\t\t\t\t<div class=\"elementor-widget-container\">\n\t\t\t\t\t        <!-- Start Crumber for Elementor WordPress Plugin -->\n\t\t            <div class=\"mdp-crumber-elementor-box\">\n                <div class=\"mdp-crumber-elementor-breadcrumbs\">\n\t\t\t\t\t        <div class=\"mdp-crumber-elementor-breadcrumbs-item  mdp-crumber-elementor-breadcrumbs-icon-position-\">\n\t\t\t\t\t\t\t\t\t\t\t\t                    <a href=\"\/en\/\">Home<\/a>\n\t\t\t\t\t\t\t        <\/div>\n\t\t            <span class=\"mdp-crumber-elementor-separator mdp-crumber-elementor-separator-hide-last\">\n            <svg aria-hidden=\"true\" class=\"e-font-icon-svg e-fas-square-full\" viewBox=\"0 0 512 512\" xmlns=\"http:\/\/www.w3.org\/2000\/svg\"><path d=\"M512 512H0V0h512v512z\"><\/path><\/svg>        <\/span>\n\t\t\t\t        <div class=\"mdp-crumber-elementor-breadcrumbs-item  mdp-crumber-elementor-breadcrumbs-icon-position-\">\n\t\t\t\t\t\t\t\t\t\t\t\t                    <a href=\"\/en\/services\">Services<\/a>\n\t\t\t\t\t\t\t        <\/div>\n\t\t            <span class=\"mdp-crumber-elementor-separator mdp-crumber-elementor-separator-hide-last\">\n            <svg aria-hidden=\"true\" class=\"e-font-icon-svg e-fas-square-full\" viewBox=\"0 0 512 512\" xmlns=\"http:\/\/www.w3.org\/2000\/svg\"><path d=\"M512 512H0V0h512v512z\"><\/path><\/svg>        <\/span>\n\t\t\t\t        <div class=\"mdp-crumber-elementor-breadcrumbs-item mdp-crumber-elementor-breadcrumbs-item-active mdp-crumber-elementor-breadcrumbs-icon-position-\">\n\t\t\t\t\t\t\t\t\t\t\t\t                    <span>Tooth thrust<\/span>\n\t\t\t\t\t\t\t        <\/div>\n\t\t            <span class=\"mdp-crumber-elementor-separator mdp-crumber-elementor-separator-hide-last\">\n            <svg aria-hidden=\"true\" class=\"e-font-icon-svg e-fas-square-full\" viewBox=\"0 0 512 512\" xmlns=\"http:\/\/www.w3.org\/2000\/svg\"><path d=\"M512 512H0V0h512v512z\"><\/path><\/svg>        <\/span>\n\t\t\t\t                <\/div>\n            <\/div>\n\t\t        <!-- End Crumber for Elementor WordPress Plugin -->\n\t\t\t\t\t\t<\/div>\n\t\t\t\t<\/div>\n\t\t\t\t<div class=\"elementor-element elementor-element-70b5364c elementor-widget elementor-widget-heading\" data-id=\"70b5364c\" data-element_type=\"widget\" data-widget_type=\"heading.default\">\n\t\t\t\t\t<h1 class=\"elementor-heading-title elementor-size-default\">Tooth thrust<\/h1>\t\t\t\t<\/div>\n\t\t\t\t\t<\/div>\n\t\t\t\t<\/div>\n\t\t<div class=\"elementor-element elementor-element-682b3649 e-flex e-con-boxed e-con e-parent\" data-id=\"682b3649\" data-element_type=\"container\">\n\t\t\t\t\t<div class=\"e-con-inner\">\n\t\t<div class=\"elementor-element elementor-element-4c2ae12e e-con-full e-flex e-con e-child\" data-id=\"4c2ae12e\" data-element_type=\"container\">\n\t\t\t\t<div class=\"elementor-element elementor-element-1ab444c3 elementor-widget elementor-widget-text-editor\" data-id=\"1ab444c3\" data-element_type=\"widget\" data-widget_type=\"text-editor.default\">\n\t\t\t\t\t\t\t\t\t<p>Tooth thrusting is one of the most common and efficient methods of making gears, which allows for the production of gears with different modularities, pitches, and sizes. This technology ensures a uniform and precise tooth profile and is ideal for the production of both small and large batch productions. The method can be applied to machining a variety of materials, including steel, aluminum, and brass, offering a wide range of applications and high reliability.  <\/p>\t\t\t\t\t\t\t\t<\/div>\n\t\t\t\t<\/div>\n\t\t<div class=\"elementor-element elementor-element-e2f789d e-con-full e-grid e-con e-child\" data-id=\"e2f789d\" data-element_type=\"container\">\n\t\t<div class=\"elementor-element elementor-element-293fa42 e-con-full e-flex e-con e-child\" data-id=\"293fa42\" data-element_type=\"container\" data-settings=\"{&quot;background_background&quot;:&quot;classic&quot;}\">\n\t\t\t\t<div class=\"elementor-element elementor-element-c10ec28 elementor-widget elementor-widget-heading\" data-id=\"c10ec28\" data-element_type=\"widget\" data-widget_type=\"heading.default\">\n\t\t\t\t\t<h3 class=\"elementor-heading-title elementor-size-default\">Request service<\/h3>\t\t\t\t<\/div>\n\t\t\t\t<div class=\"elementor-element elementor-element-5e5b7c6 elementor-widget elementor-widget-text-editor\" data-id=\"5e5b7c6\" data-element_type=\"widget\" data-widget_type=\"text-editor.default\">\n\t\t\t\t\t\t\t\t\t<p>If you want to know more about this service, ask us about it.<\/p>\t\t\t\t\t\t\t\t<\/div>\n\t\t\t\t<div class=\"elementor-element elementor-element-9713341 elementor-animation-grow elementor-widget__width-inherit elementor-widget-mobile__width-inherit elementor-invisible elementor-widget elementor-widget-mdp-buttoner-elementor\" data-id=\"9713341\" data-element_type=\"widget\" data-settings=\"{&quot;_animation&quot;:&quot;fadeInUp&quot;}\" data-widget_type=\"mdp-buttoner-elementor.default\">\n\t\t\t\t<div class=\"elementor-widget-container\">\n\t\t\t\t\t        <style>\n            .mdp-buttoner-container-9713341 .mdp-buttoner-link { cursor: pointer; }         <\/style>\n                <!-- Start Buttoner for Elementor WordPress Plugin -->\n        <div class=\"mdp-buttoner-container mdp-buttoner-container-9713341\">\n            <a id=\"\"\n               href=\"https:\/\/bollverk.ee\/kontakt\/\"\n               class=\"mdp-buttoner-link elementor-animation-grow\"\n\t\t\t\t\t\t\t\t            >\n\n\t\t        <span >\n\n\t\t\t        \n                    <span class=\"mdp-buttoner-text\">Kontakt<\/span>\n\n                    \n\t\t        <\/span>\n\n            <\/a>\n        <\/div>\n        <!-- End Buttoner for Elementor WordPress Plugin -->\n\t\t\t\t\t\t<\/div>\n\t\t\t\t<\/div>\n\t\t\t\t<\/div>\n\t\t<div class=\"elementor-element elementor-element-5564ed3 e-con-full e-flex e-con e-child\" data-id=\"5564ed3\" data-element_type=\"container\" data-settings=\"{&quot;background_background&quot;:&quot;classic&quot;}\">\n\t\t<div class=\"elementor-element elementor-element-98e8e0b e-con-full e-flex e-con e-child\" data-id=\"98e8e0b\" data-element_type=\"container\" data-settings=\"{&quot;background_background&quot;:&quot;classic&quot;}\">\n\t\t\t\t<div class=\"elementor-element elementor-element-66d5b55 elementor-widget elementor-widget-heading\" data-id=\"66d5b55\" data-element_type=\"widget\" data-widget_type=\"heading.default\">\n\t\t\t\t\t<h3 class=\"elementor-heading-title elementor-size-default\">CONTACT<\/h3>\t\t\t\t<\/div>\n\t\t\t\t<div class=\"elementor-element elementor-element-08f8a3e elementor-widget elementor-widget-text-editor\" data-id=\"08f8a3e\" data-element_type=\"widget\" data-widget_type=\"text-editor.default\">\n\t\t\t\t\t\t\t\t\t<p><a href=\"tel:5056377\">505 6377<\/a><\/p>\t\t\t\t\t\t\t\t<\/div>\n\t\t\t\t<div class=\"elementor-element elementor-element-ec8a090 elementor-widget elementor-widget-text-editor\" data-id=\"ec8a090\" data-element_type=\"widget\" data-widget_type=\"text-editor.default\">\n\t\t\t\t\t\t\t\t\t<p><a href=\"mailto:margus.bollverk@mail.ee\">margus.bollverk@mail.ee<\/a><\/p>\t\t\t\t\t\t\t\t<\/div>\n\t\t\t\t<\/div>\n\t\t\t\t<\/div>\n\t\t<div class=\"elementor-element elementor-element-81ea42c e-con-full e-flex e-con e-child\" data-id=\"81ea42c\" data-element_type=\"container\" data-settings=\"{&quot;background_background&quot;:&quot;classic&quot;}\">\n\t\t<div class=\"elementor-element elementor-element-6c14d00 e-con-full e-flex e-con e-child\" data-id=\"6c14d00\" data-element_type=\"container\" data-settings=\"{&quot;background_background&quot;:&quot;classic&quot;}\">\n\t\t\t\t<div class=\"elementor-element elementor-element-f05a023 elementor-widget elementor-widget-heading\" data-id=\"f05a023\" data-element_type=\"widget\" data-widget_type=\"heading.default\">\n\t\t\t\t\t<h3 class=\"elementor-heading-title elementor-size-default\">Address<\/h3>\t\t\t\t<\/div>\n\t\t\t\t<div class=\"elementor-element elementor-element-549c9f9 elementor-widget elementor-widget-text-editor\" data-id=\"549c9f9\" data-element_type=\"widget\" data-widget_type=\"text-editor.default\">\n\t\t\t\t\t\t\t\t\t<p>T\u00f6\u00f6okja, Kodasema, 73207 J\u00e4rva county<\/p>\t\t\t\t\t\t\t\t<\/div>\n\t\t\t\t<\/div>\n\t\t\t\t<\/div>\n\t\t\t\t<\/div>\n\t\t\t\t\t<\/div>\n\t\t\t\t<\/div>\n\t\t<div class=\"elementor-element elementor-element-df9397b e-flex e-con-boxed e-con e-parent\" data-id=\"df9397b\" data-element_type=\"container\">\n\t\t\t\t\t<div class=\"e-con-inner\">\n\t\t<div class=\"elementor-element elementor-element-b5a0932 e-con-full e-flex e-con e-child\" data-id=\"b5a0932\" data-element_type=\"container\">\n\t\t\t\t<div class=\"elementor-element elementor-element-d873456 elementor-widget elementor-widget-heading\" data-id=\"d873456\" data-element_type=\"widget\" data-widget_type=\"heading.default\">\n\t\t\t\t\t<h2 class=\"elementor-heading-title elementor-size-default\">Contact form<\/h2>\t\t\t\t<\/div>\n\t\t\t\t<div class=\"elementor-element elementor-element-7791143 elementor-widget__width-auto elementor-absolute elementor-invisible elementor-widget elementor-widget-heading\" data-id=\"7791143\" data-element_type=\"widget\" data-settings=\"{&quot;_position&quot;:&quot;absolute&quot;,&quot;_animation&quot;:&quot;fadeInDown&quot;}\" data-widget_type=\"heading.default\">\n\t\t\t\t\t<h2 class=\"elementor-heading-title elementor-size-default\">Contact us<\/h2>\t\t\t\t<\/div>\n\t\t\t\t<div class=\"elementor-element elementor-element-07916cc elementor-button-align-start elementor-mobile-button-align-stretch elementor-widget elementor-widget-form\" data-id=\"07916cc\" data-element_type=\"widget\" data-settings=\"{&quot;step_next_label&quot;:&quot;Next&quot;,&quot;step_previous_label&quot;:&quot;Previous&quot;,&quot;button_width&quot;:&quot;40&quot;,&quot;step_type&quot;:&quot;number_text&quot;,&quot;step_icon_shape&quot;:&quot;circle&quot;}\" data-widget_type=\"form.default\">\n\t\t\t\t\t\t\t<form class=\"elementor-form\" method=\"post\" name=\"New Form\" aria-label=\"New Form\">\n\t\t\t<input type=\"hidden\" name=\"post_id\" value=\"1564\"\/>\n\t\t\t<input type=\"hidden\" name=\"form_id\" value=\"07916cc\"\/>\n\t\t\t<input type=\"hidden\" name=\"referer_title\" value=\"Bollverk\" \/>\n\n\t\t\t\n\t\t\t<div class=\"elementor-form-fields-wrapper elementor-labels-above\">\n\t\t\t\t\t\t\t\t<div class=\"elementor-field-type-text elementor-field-group elementor-column elementor-field-group-name elementor-col-50 elementor-field-required\">\n\t\t\t\t\t\t\t\t\t\t\t\t<label for=\"form-field-name\" class=\"elementor-field-label\">\n\t\t\t\t\t\t\t\tName\t\t\t\t\t\t\t<\/label>\n\t\t\t\t\t\t\t\t\t\t\t\t\t\t<input size=\"1\" type=\"text\" name=\"form_fields[name]\" id=\"form-field-name\" class=\"elementor-field elementor-size-sm  elementor-field-textual\" placeholder=\"Enter your name\" required=\"required\">\n\t\t\t\t\t\t\t\t\t\t\t<\/div>\n\t\t\t\t\t\t\t\t<div class=\"elementor-field-type-tel elementor-field-group elementor-column elementor-field-group-tel elementor-col-50 elementor-field-required\">\n\t\t\t\t\t\t\t\t\t\t\t\t<label for=\"form-field-tel\" class=\"elementor-field-label\">\n\t\t\t\t\t\t\t\tTelephone\t\t\t\t\t\t\t<\/label>\n\t\t\t\t\t\t\t\t<input size=\"1\" type=\"tel\" name=\"form_fields[tel]\" id=\"form-field-tel\" class=\"elementor-field elementor-size-sm  elementor-field-textual\" placeholder=\"Enter your phone\" required=\"required\" pattern=\"[0-9()#&amp;+*-=.]+\" title=\"Only numbers and phone characters (#, -, *, etc) are accepted.\">\n\n\t\t\t\t\t\t<\/div>\n\t\t\t\t\t\t\t\t<div class=\"elementor-field-type-email elementor-field-group elementor-column elementor-field-group-field_7784ec5 elementor-col-100 elementor-field-required\">\n\t\t\t\t\t\t\t\t\t\t\t\t<label for=\"form-field-field_7784ec5\" class=\"elementor-field-label\">\n\t\t\t\t\t\t\t\tE-mail\t\t\t\t\t\t\t<\/label>\n\t\t\t\t\t\t\t\t\t\t\t\t\t\t<input size=\"1\" type=\"email\" name=\"form_fields[field_7784ec5]\" id=\"form-field-field_7784ec5\" class=\"elementor-field elementor-size-sm  elementor-field-textual\" placeholder=\"Enter your email\" required=\"required\">\n\t\t\t\t\t\t\t\t\t\t\t<\/div>\n\t\t\t\t\t\t\t\t<div class=\"elementor-field-type-textarea elementor-field-group elementor-column elementor-field-group-message elementor-col-100\">\n\t\t\t\t\t\t\t\t\t\t\t\t<label for=\"form-field-message\" class=\"elementor-field-label\">\n\t\t\t\t\t\t\t\tMessage\t\t\t\t\t\t\t<\/label>\n\t\t\t\t\t\t<textarea class=\"elementor-field-textual elementor-field  elementor-size-sm\" name=\"form_fields[message]\" id=\"form-field-message\" rows=\"2\" placeholder=\"Enter your message\"><\/textarea>\t\t\t\t<\/div>\n\t\t\t\t\t\t\t\t<div class=\"elementor-field-type-hidden elementor-field-group elementor-column elementor-field-group-field_ba131f9 elementor-col-100\">\n\t\t\t\t\t\t\t\t\t\t\t\t\t<input size=\"1\" type=\"hidden\" name=\"form_fields[field_ba131f9]\" id=\"form-field-field_ba131f9\" class=\"elementor-field elementor-size-sm  elementor-field-textual\" value=\"Tooth thrust\">\n\t\t\t\t\t\t\t\t\t\t\t<\/div>\n\t\t\t\t\t\t\t\t<div class=\"elementor-field-group elementor-column elementor-field-type-submit elementor-col-40 e-form__buttons\">\n\t\t\t\t\t<button class=\"elementor-button elementor-size-sm\" type=\"submit\">\n\t\t\t\t\t\t<span class=\"elementor-button-content-wrapper\">\n\t\t\t\t\t\t\t\t\t\t\t\t\t\t\t\t\t\t\t\t\t\t<span class=\"elementor-button-text\">Send<\/span>\n\t\t\t\t\t\t\t\t\t\t\t\t\t<\/span>\n\t\t\t\t\t<\/button>\n\t\t\t\t<\/div>\n\t\t\t<\/div>\n\t\t<\/form>\n\t\t\t\t\t\t<\/div>\n\t\t\t\t<\/div>\n\t\t\t\t\t<\/div>\n\t\t\t\t<\/div>\n\t\t\t\t<\/div>\n\t\t","protected":false},"excerpt":{"rendered":"<p>Home Services Tooth thrust Tooth thrusting is one of the most common and efficient methods of making gears, which allows for the production of gears with different modularities, pitches, and sizes. This technology ensures a uniform and precise tooth profile and is ideal for the production of both small and large batch productions. The method [&hellip;]<\/p>\n","protected":false},"author":1,"featured_media":0,"parent":1567,"menu_order":0,"comment_status":"closed","ping_status":"closed","template":"elementor_header_footer","meta":{"footnotes":""},"class_list":["post-1564","page","type-page","status-publish","hentry"],"yoast_head":"<!-- This site is optimized with the Yoast SEO plugin v26.3 - https:\/\/yoast.com\/wordpress\/plugins\/seo\/ -->\n<title>Bollverk Tooth Pusher \u2013 Precision gears for every need<\/title>\n<meta name=\"description\" content=\"One of the most effective methods of making gears. The Bollverk tooth push ensures a uniform profile, suitable for different materials and serial work.\" \/>\n<meta name=\"robots\" content=\"index, follow, max-snippet:-1, max-image-preview:large, max-video-preview:-1\" \/>\n<link rel=\"canonical\" href=\"https:\/\/bollverk.ee\/en\/services\/tooth-thrust\/\" \/>\n<meta property=\"og:locale\" content=\"en_US\" \/>\n<meta property=\"og:type\" content=\"article\" \/>\n<meta property=\"og:title\" content=\"Bollverk Tooth Pusher \u2013 Precision gears for every need\" \/>\n<meta property=\"og:description\" content=\"One of the most effective methods of making gears. The Bollverk tooth push ensures a uniform profile, suitable for different materials and serial work.\" \/>\n<meta property=\"og:url\" content=\"https:\/\/bollverk.ee\/en\/services\/tooth-thrust\/\" \/>\n<meta property=\"og:site_name\" content=\"Bollverk\" \/>\n<meta property=\"article:modified_time\" content=\"2025-10-30T14:14:51+00:00\" \/>\n<meta property=\"og:image\" content=\"https:\/\/bollverk.ee\/wp-content\/uploads\/2025\/10\/Uus-Projekt-34.png\" \/>\n\t<meta property=\"og:image:width\" content=\"1280\" \/>\n\t<meta property=\"og:image:height\" content=\"720\" \/>\n\t<meta property=\"og:image:type\" content=\"image\/png\" \/>\n<meta name=\"twitter:card\" content=\"summary_large_image\" \/>\n<meta name=\"twitter:label1\" content=\"Est. reading time\" \/>\n\t<meta name=\"twitter:data1\" content=\"1 minute\" \/>\n<script type=\"application\/ld+json\" class=\"yoast-schema-graph\">{\"@context\":\"https:\/\/schema.org\",\"@graph\":[{\"@type\":\"WebPage\",\"@id\":\"https:\/\/bollverk.ee\/en\/services\/tooth-thrust\/\",\"url\":\"https:\/\/bollverk.ee\/en\/services\/tooth-thrust\/\",\"name\":\"Bollverk Tooth Pusher \u2013 Precision gears for every need\",\"isPartOf\":{\"@id\":\"https:\/\/bollverk.ee\/en\/#website\"},\"datePublished\":\"2025-07-11T10:22:38+00:00\",\"dateModified\":\"2025-10-30T14:14:51+00:00\",\"description\":\"One of the most effective methods of making gears. The Bollverk tooth push ensures a uniform profile, suitable for different materials and serial work.\",\"breadcrumb\":{\"@id\":\"https:\/\/bollverk.ee\/en\/services\/tooth-thrust\/#breadcrumb\"},\"inLanguage\":\"en-US\",\"potentialAction\":[{\"@type\":\"ReadAction\",\"target\":[\"https:\/\/bollverk.ee\/en\/services\/tooth-thrust\/\"]}]},{\"@type\":\"BreadcrumbList\",\"@id\":\"https:\/\/bollverk.ee\/en\/services\/tooth-thrust\/#breadcrumb\",\"itemListElement\":[{\"@type\":\"ListItem\",\"position\":1,\"name\":\"Home\",\"item\":\"https:\/\/bollverk.ee\/en\/\"},{\"@type\":\"ListItem\",\"position\":2,\"name\":\"Services\",\"item\":\"https:\/\/bollverk.ee\/en\/services\/\"},{\"@type\":\"ListItem\",\"position\":3,\"name\":\"Tooth thrust\"}]},{\"@type\":\"WebSite\",\"@id\":\"https:\/\/bollverk.ee\/en\/#website\",\"url\":\"https:\/\/bollverk.ee\/en\/\",\"name\":\"Bollverk\",\"description\":\"Ralliauto k\u00e4igukasti sisud ja \u00fclekanded\",\"publisher\":{\"@id\":\"https:\/\/bollverk.ee\/en\/#organization\"},\"potentialAction\":[{\"@type\":\"SearchAction\",\"target\":{\"@type\":\"EntryPoint\",\"urlTemplate\":\"https:\/\/bollverk.ee\/en\/?s={search_term_string}\"},\"query-input\":{\"@type\":\"PropertyValueSpecification\",\"valueRequired\":true,\"valueName\":\"search_term_string\"}}],\"inLanguage\":\"en-US\"},{\"@type\":\"Organization\",\"@id\":\"https:\/\/bollverk.ee\/en\/#organization\",\"name\":\"Bollverk\",\"url\":\"https:\/\/bollverk.ee\/en\/\",\"logo\":{\"@type\":\"ImageObject\",\"inLanguage\":\"en-US\",\"@id\":\"https:\/\/bollverk.ee\/en\/#\/schema\/logo\/image\/\",\"url\":\"https:\/\/bollverk.ee\/wp-content\/uploads\/2025\/10\/Uus-Projekt-35.png\",\"contentUrl\":\"https:\/\/bollverk.ee\/wp-content\/uploads\/2025\/10\/Uus-Projekt-35.png\",\"width\":400,\"height\":400,\"caption\":\"Bollverk\"},\"image\":{\"@id\":\"https:\/\/bollverk.ee\/en\/#\/schema\/logo\/image\/\"}}]}<\/script>\n<!-- \/ Yoast SEO plugin. -->","yoast_head_json":{"title":"Bollverk Tooth Pusher \u2013 Precision gears for every need","description":"One of the most effective methods of making gears. The Bollverk tooth push ensures a uniform profile, suitable for different materials and serial work.","robots":{"index":"index","follow":"follow","max-snippet":"max-snippet:-1","max-image-preview":"max-image-preview:large","max-video-preview":"max-video-preview:-1"},"canonical":"https:\/\/bollverk.ee\/en\/services\/tooth-thrust\/","og_locale":"en_US","og_type":"article","og_title":"Bollverk Tooth Pusher \u2013 Precision gears for every need","og_description":"One of the most effective methods of making gears. The Bollverk tooth push ensures a uniform profile, suitable for different materials and serial work.","og_url":"https:\/\/bollverk.ee\/en\/services\/tooth-thrust\/","og_site_name":"Bollverk","article_modified_time":"2025-10-30T14:14:51+00:00","og_image":[{"width":1280,"height":720,"url":"https:\/\/bollverk.ee\/wp-content\/uploads\/2025\/10\/Uus-Projekt-34.png","type":"image\/png"}],"twitter_card":"summary_large_image","twitter_misc":{"Est. reading time":"1 minute"},"schema":{"@context":"https:\/\/schema.org","@graph":[{"@type":"WebPage","@id":"https:\/\/bollverk.ee\/en\/services\/tooth-thrust\/","url":"https:\/\/bollverk.ee\/en\/services\/tooth-thrust\/","name":"Bollverk Tooth Pusher \u2013 Precision gears for every need","isPartOf":{"@id":"https:\/\/bollverk.ee\/en\/#website"},"datePublished":"2025-07-11T10:22:38+00:00","dateModified":"2025-10-30T14:14:51+00:00","description":"One of the most effective methods of making gears. The Bollverk tooth push ensures a uniform profile, suitable for different materials and serial work.","breadcrumb":{"@id":"https:\/\/bollverk.ee\/en\/services\/tooth-thrust\/#breadcrumb"},"inLanguage":"en-US","potentialAction":[{"@type":"ReadAction","target":["https:\/\/bollverk.ee\/en\/services\/tooth-thrust\/"]}]},{"@type":"BreadcrumbList","@id":"https:\/\/bollverk.ee\/en\/services\/tooth-thrust\/#breadcrumb","itemListElement":[{"@type":"ListItem","position":1,"name":"Home","item":"https:\/\/bollverk.ee\/en\/"},{"@type":"ListItem","position":2,"name":"Services","item":"https:\/\/bollverk.ee\/en\/services\/"},{"@type":"ListItem","position":3,"name":"Tooth thrust"}]},{"@type":"WebSite","@id":"https:\/\/bollverk.ee\/en\/#website","url":"https:\/\/bollverk.ee\/en\/","name":"Bollverk","description":"Ralliauto k\u00e4igukasti sisud ja \u00fclekanded","publisher":{"@id":"https:\/\/bollverk.ee\/en\/#organization"},"potentialAction":[{"@type":"SearchAction","target":{"@type":"EntryPoint","urlTemplate":"https:\/\/bollverk.ee\/en\/?s={search_term_string}"},"query-input":{"@type":"PropertyValueSpecification","valueRequired":true,"valueName":"search_term_string"}}],"inLanguage":"en-US"},{"@type":"Organization","@id":"https:\/\/bollverk.ee\/en\/#organization","name":"Bollverk","url":"https:\/\/bollverk.ee\/en\/","logo":{"@type":"ImageObject","inLanguage":"en-US","@id":"https:\/\/bollverk.ee\/en\/#\/schema\/logo\/image\/","url":"https:\/\/bollverk.ee\/wp-content\/uploads\/2025\/10\/Uus-Projekt-35.png","contentUrl":"https:\/\/bollverk.ee\/wp-content\/uploads\/2025\/10\/Uus-Projekt-35.png","width":400,"height":400,"caption":"Bollverk"},"image":{"@id":"https:\/\/bollverk.ee\/en\/#\/schema\/logo\/image\/"}}]}},"_links":{"self":[{"href":"https:\/\/bollverk.ee\/en\/wp-json\/wp\/v2\/pages\/1564","targetHints":{"allow":["GET"]}}],"collection":[{"href":"https:\/\/bollverk.ee\/en\/wp-json\/wp\/v2\/pages"}],"about":[{"href":"https:\/\/bollverk.ee\/en\/wp-json\/wp\/v2\/types\/page"}],"author":[{"embeddable":true,"href":"https:\/\/bollverk.ee\/en\/wp-json\/wp\/v2\/users\/1"}],"replies":[{"embeddable":true,"href":"https:\/\/bollverk.ee\/en\/wp-json\/wp\/v2\/comments?post=1564"}],"version-history":[{"count":5,"href":"https:\/\/bollverk.ee\/en\/wp-json\/wp\/v2\/pages\/1564\/revisions"}],"predecessor-version":[{"id":1745,"href":"https:\/\/bollverk.ee\/en\/wp-json\/wp\/v2\/pages\/1564\/revisions\/1745"}],"up":[{"embeddable":true,"href":"https:\/\/bollverk.ee\/en\/wp-json\/wp\/v2\/pages\/1567"}],"wp:attachment":[{"href":"https:\/\/bollverk.ee\/en\/wp-json\/wp\/v2\/media?parent=1564"}],"curies":[{"name":"wp","href":"https:\/\/api.w.org\/{rel}","templated":true}]}}